{"id":258,"date":"2025-10-23T07:24:49","date_gmt":"2025-10-23T07:24:49","guid":{"rendered":"https:\/\/tophsoe25.okuserveri.com\/?page_id=258"},"modified":"2025-11-06T11:57:59","modified_gmt":"2025-11-06T11:57:59","slug":"miksi-valokuitu","status":"publish","type":"page","link":"https:\/\/tophsoe25.okuserveri.com\/?page_id=258","title":{"rendered":"Usein kysytty\u00e4"},"content":{"rendered":"\t\t<div data-elementor-type=\"wp-page\" data-elementor-id=\"258\" class=\"elementor elementor-258\">\n\t\t\t\t<div class=\"elementor-element elementor-element-13f7ca28 e-flex e-con-boxed e-con e-parent\" data-id=\"13f7ca28\" data-element_type=\"container\" data-settings=\"{&quot;background_background&quot;:&quot;classic&quot;}\">\n\t\t\t\t\t<div class=\"e-con-inner\">\n\t\t\t\t<div class=\"elementor-element elementor-element-b5b8da5 elementor-widget elementor-widget-heading\" data-id=\"b5b8da5\" data-element_type=\"widget\" data-widget_type=\"heading.default\">\n\t\t\t\t\t<h1 class=\"elementor-heading-title elementor-size-default\">Usein kysytty\u00e4<\/h1>\t\t\t\t<\/div>\n\t\t\t\t<div class=\"elementor-element elementor-element-f2e8f1f elementor-widget elementor-widget-text-editor\" data-id=\"f2e8f1f\" data-element_type=\"widget\" data-widget_type=\"text-editor.default\">\n\t\t\t\t\t\t\t\t\t<p>T\u00e4lle sivulle on koottu yleisimm\u00e4t kysymykset ja vastaukset valokuidusta ja sen hankinnasta.<\/p>\t\t\t\t\t\t\t\t<\/div>\n\t\t\t\t\t<\/div>\n\t\t\t\t<\/div>\n\t\t<div class=\"elementor-element elementor-element-7a821639 e-flex e-con-boxed e-con e-parent\" data-id=\"7a821639\" data-element_type=\"container\" data-settings=\"{&quot;background_background&quot;:&quot;classic&quot;}\">\n\t\t\t\t\t<div class=\"e-con-inner\">\n\t\t\t\t<div class=\"elementor-element elementor-element-3d9b6fe elementor-widget elementor-widget-heading\" data-id=\"3d9b6fe\" data-element_type=\"widget\" data-widget_type=\"heading.default\">\n\t\t\t\t\t<h2 class=\"elementor-heading-title elementor-size-default\">Mit\u00e4 valokuitu on?<\/h2>\t\t\t\t<\/div>\n\t\t\t\t<div class=\"elementor-element elementor-element-38b3e5c elementor-widget elementor-widget-text-editor\" data-id=\"38b3e5c\" data-element_type=\"widget\" data-widget_type=\"text-editor.default\">\n\t\t\t\t\t\t\t\t\t<p>Valokuitu on eritt\u00e4in ohutta lasi- tai muovilankaa, jonka l\u00e4pi tieto kulkee valon avulla. Toisin kuin perinteiset kuparikaapelit, valokuitu siirt\u00e4\u00e4 dataa l\u00e4hes ilman h\u00e4vi\u00f6it\u00e4 ja eritt\u00e4in suurella nopeudella.<\/p>\t\t\t\t\t\t\t\t<\/div>\n\t\t\t\t\t<\/div>\n\t\t\t\t<\/div>\n\t\t<div class=\"elementor-element elementor-element-44ef397 e-flex e-con-boxed e-con e-parent\" data-id=\"44ef397\" data-element_type=\"container\">\n\t\t\t\t\t<div class=\"e-con-inner\">\n\t\t\t\t<div class=\"elementor-element elementor-element-6e6e7e57 elementor-widget elementor-widget-heading\" data-id=\"6e6e7e57\" data-element_type=\"widget\" data-widget_type=\"heading.default\">\n\t\t\t\t\t<h2 class=\"elementor-heading-title elementor-size-default\">Miksi valokuitu?<\/h2>\t\t\t\t<\/div>\n\t\t\t\t<div class=\"elementor-element elementor-element-29186e1 elementor-widget elementor-widget-text-editor\" data-id=\"29186e1\" data-element_type=\"widget\" data-widget_type=\"text-editor.default\">\n\t\t\t\t\t\t\t\t\t<p>Valokuitu tuo kotiin nopean ja varman netin, joka toimii arjessa luotettavasti, oli s\u00e4\u00e4 mik\u00e4 tahansa. Se helpottaa et\u00e4ty\u00f6t\u00e4, opiskelua, pelaamista ja kaikkia arjen digipalveluita \u2013 ja tekee kodistasi valmiin my\u00f6s tulevaisuuden tarpeisiin.<\/p><p data-start=\"328\" data-end=\"431\">Valokuitu tuo kotiisi, toimistoon tai taloyhti\u00f6\u00f6n nopean ja vakaan internetyhteyden.<\/p>\t\t\t\t\t\t\t\t<\/div>\n\t\t\t\t<div class=\"elementor-element elementor-element-65c69ec elementor-widget elementor-widget-heading\" data-id=\"65c69ec\" data-element_type=\"widget\" data-widget_type=\"heading.default\">\n\t\t\t\t\t<h2 class=\"elementor-heading-title elementor-size-default\">Nauti varmoista yhteyksist\u00e4 \u2013 nyt ja tulevaisuudessa<\/h2>\t\t\t\t<\/div>\n\t\t\t\t<div class=\"elementor-element elementor-element-04d41c7 elementor-widget elementor-widget-text-editor\" data-id=\"04d41c7\" data-element_type=\"widget\" data-widget_type=\"text-editor.default\">\n\t\t\t\t\t\t\t\t\t<div class=\"wp-block-image\"><ul><li id=\"miten-valokuitu-eroaa-muista-liittymista\" class=\"wp-block-heading\">Katso televisiota h\u00e4iri\u00f6tt\u00e4 my\u00f6s jatkossa \u2013 ilman kalliita antenniremontteja.<\/li><\/ul><ul class=\"wp-block-list\"><li><div class=\"wp-block-image\">Opiskele, ty\u00f6skentele ja hoida asioita verkossa nopeilla ja luotettavilla yhteyksill\u00e4.<\/div><\/li><\/ul><ul><li>K\u00e4yt\u00e4 et\u00e4terveyspalveluita ja videoyhteyksi\u00e4 sulavasti, ilman p\u00e4tkimist\u00e4.<\/li><\/ul><ul><li>Nauti vakaasta netist\u00e4 kotona \u2013 jokainen laite saa oman osansa ilman ruuhkaa.<\/li><\/ul><ul><li>Pelaa verkkopelej\u00e4 reaaliajassa ilman viiveit\u00e4 ja yhteyskatkoja.<\/li><\/ul><ul><li>Pid\u00e4 maatalouden ohjelmistot ajan tasalla \u2013 satoi tai paistoi.<\/li><\/ul><\/div><div class=\"wp-block-group\"><div class=\"wp-block-group__inner-container is-layout-flow wp-block-group-is-layout-flow\"><div class=\"wp-block-group\"><div class=\"wp-block-group__inner-container is-layout-flow wp-block-group-is-layout-flow\"><div class=\"wp-block-group has-nv-light-bg-background-color has-background\"><div class=\"wp-block-group__inner-container is-layout-flow wp-block-group-is-layout-flow\"><div class=\"wp-block-group\"><div class=\"wp-block-group__inner-container is-layout-flow wp-block-group-is-layout-flow\"><div class=\"wp-block-group\"><div class=\"wp-block-group__inner-container is-layout-flow wp-block-group-is-layout-flow\">\u00a0<\/div><\/div><\/div><\/div><\/div><\/div><\/div><\/div><\/div><\/div>\t\t\t\t\t\t\t\t<\/div>\n\t\t\t\t\t<\/div>\n\t\t\t\t<\/div>\n\t\t<div class=\"elementor-element elementor-element-7346a70 e-flex e-con-boxed e-con e-parent\" data-id=\"7346a70\" data-element_type=\"container\">\n\t\t\t\t\t<div class=\"e-con-inner\">\n\t\t\t\t<div class=\"elementor-element elementor-element-3cb0e5d elementor-widget elementor-widget-heading\" data-id=\"3cb0e5d\" data-element_type=\"widget\" data-widget_type=\"heading.default\">\n\t\t\t\t\t<h2 class=\"elementor-heading-title elementor-size-default\">Miten valokuitu eroaa muista liittymist\u00e4?<\/h2>\t\t\t\t<\/div>\n\t\t\t\t<div class=\"elementor-element elementor-element-33ceace elementor-widget elementor-widget-text-editor\" data-id=\"33ceace\" data-element_type=\"widget\" data-widget_type=\"text-editor.default\">\n\t\t\t\t\t\t\t\t\t<ul><li id=\"miten-valokuitu-eroaa-muista-liittymista\" class=\"wp-block-heading\">\u00a0Valokuitu on markkinoiden nopein ja pitk\u00e4ik\u00e4isin nettiyhteys. Valokuidussa tieto siirtyy valonnopeudella ja isotkin tiedostot, kuten valokuvat, siirtyv\u00e4t nopeasti ja vaivattomasti.<\/li><\/ul><ul class=\"wp-block-list\"><li>P\u00e4tkimisen ja nopeuden heilahtelujen tilalle tulee toimintavarmuus ja vakaus, mik\u00e4 n\u00e4kyy esimerkiksi tv-kuvan h\u00e4iri\u00f6tt\u00f6myyten\u00e4 tai reaaliaikaisten pelien toimivuutena.<\/li><\/ul><ul><li>Et jaa nettiyhteytt\u00e4 naapureiden kesken eik\u00e4 yhteyden laatuun vaikuta s\u00e4\u00e4 tai asuinpaikkasi maantieteellinen sijainti. T\u00e4m\u00e4 tarkoittaa, ett\u00e4 voit luottaa nettiyhteytesi toimivuuteen.<\/li><\/ul>\t\t\t\t\t\t\t\t<\/div>\n\t\t\t\t\t<\/div>\n\t\t\t\t<\/div>\n\t\t<div class=\"elementor-element elementor-element-7b27cce e-flex e-con-boxed e-con e-parent\" data-id=\"7b27cce\" data-element_type=\"container\">\n\t\t\t\t\t<div class=\"e-con-inner\">\n\t\t\t\t<div class=\"elementor-element elementor-element-f7735a3 elementor-widget elementor-widget-heading\" data-id=\"f7735a3\" data-element_type=\"widget\" data-widget_type=\"heading.default\">\n\t\t\t\t\t<h2 class=\"elementor-heading-title elementor-size-default\">Tarvitsenko valokuitua ollenkaan?<\/h2>\t\t\t\t<\/div>\n\t\t\t\t<div class=\"elementor-element elementor-element-2d881fc elementor-widget elementor-widget-text-editor\" data-id=\"2d881fc\" data-element_type=\"widget\" data-widget_type=\"text-editor.default\">\n\t\t\t\t\t\t\t\t\t<ul><li id=\"miten-valokuitu-eroaa-muista-liittymista\" class=\"wp-block-heading\">\u00a0Kuten s\u00e4hk\u00f6 aikoinaan mullisti arjen, tekee valokuitu sen nyt<\/li><\/ul><ul class=\"wp-block-list\"><li>S\u00e4hk\u00f6, vesi, viem\u00e4r\u00f6inti ja valokuitu ovat kaikki kodin perusasioita \u2013 ilman niit\u00e4 arki ei suju.<\/li><\/ul><ul><li>Valokuitu tarjoaa huippunopeat ja varmat nettiyhteydet, jotka pit\u00e4v\u00e4t yhteydet ja palvelut toiminnassa.<\/li><\/ul><ul><li>Se on pitk\u00e4ik\u00e4inen investointi tulevaisuuteen \u2013 emme viel\u00e4 edes tied\u00e4, mit\u00e4 kaikkea sen kautta tullaan k\u00e4ytt\u00e4m\u00e4\u00e4n.<\/li><\/ul>\t\t\t\t\t\t\t\t<\/div>\n\t\t\t\t\t<\/div>\n\t\t\t\t<\/div>\n\t\t<div class=\"elementor-element elementor-element-c2c5f87 e-flex e-con-boxed e-con e-parent\" data-id=\"c2c5f87\" data-element_type=\"container\">\n\t\t\t\t\t<div class=\"e-con-inner\">\n\t\t\t\t<div class=\"elementor-element elementor-element-fbf47ca elementor-widget elementor-widget-heading\" data-id=\"fbf47ca\" data-element_type=\"widget\" data-widget_type=\"heading.default\">\n\t\t\t\t\t<h2 class=\"elementor-heading-title elementor-size-default\">Kuinka saan valokuituliittym\u00e4n taloyhti\u00f6\u00f6n?<\/h2>\t\t\t\t<\/div>\n\t\t\t\t<div class=\"elementor-element elementor-element-f8f3151 elementor-widget elementor-widget-text-editor\" data-id=\"f8f3151\" data-element_type=\"widget\" data-widget_type=\"text-editor.default\">\n\t\t\t\t\t\t\t\t\t<ul><li>Is\u00e4nn\u00f6itsij\u00e4 ja taloyhti\u00f6n hallitus voivat valmistella p\u00e4\u00e4t\u00f6ksen valokuidun hankinnasta.<\/li><\/ul><ul class=\"wp-block-list\"><li>Ota yhteytt\u00e4 is\u00e4nn\u00f6itsij\u00e4\u00e4n, hallituksen j\u00e4seneen tai vuokranantajaasi ja kerro, ett\u00e4 haluat valokuidun taloyhti\u00f6\u00f6n \u2013 se lis\u00e4\u00e4 asumismukavuutta ja nostaa talon arvoa.<\/li><\/ul><ul><li>Taloyhti\u00f6\u00f6n asennetaan yksi valokuituliittym\u00e4, josta yhteys jaetaan kytkimen kautta niille asukkaille, jotka sen tilaavat.<\/li><\/ul><ul><li>Saat kuitenkin oman 100\/100 Mbps -yhteytesi \u2013 et jaa sit\u00e4 naapureiden kanssa.<\/li><\/ul>\t\t\t\t\t\t\t\t<\/div>\n\t\t\t\t\t<\/div>\n\t\t\t\t<\/div>\n\t\t<div class=\"elementor-element elementor-element-7f80579 e-flex e-con-boxed e-con e-parent\" data-id=\"7f80579\" data-element_type=\"container\">\n\t\t\t\t\t<div class=\"e-con-inner\">\n\t\t\t\t<div class=\"elementor-element elementor-element-1ff6b591 elementor-widget elementor-widget-text-editor\" data-id=\"1ff6b591\" data-element_type=\"widget\" data-widget_type=\"text-editor.default\">\n\t\t\t\t\t\t\t\t\t<p>Jos et l\u00f6yt\u00e4nyt etsim\u00e4\u00e4si tietoa, ota meihin rohkeasti yhteytt\u00e4!<\/p>\t\t\t\t\t\t\t\t<\/div>\n\t\t\t\t<div class=\"elementor-element elementor-element-51d943fc elementor-align-center e-transform elementor-widget elementor-widget-button\" data-id=\"51d943fc\" data-element_type=\"widget\" data-settings=\"{&quot;_transform_rotateZ_effect_mobile&quot;:{&quot;unit&quot;:&quot;deg&quot;,&quot;size&quot;:0,&quot;sizes&quot;:[]},&quot;_transform_rotateZ_effect&quot;:{&quot;unit&quot;:&quot;px&quot;,&quot;size&quot;:&quot;&quot;,&quot;sizes&quot;:[]},&quot;_transform_rotateZ_effect_tablet&quot;:{&quot;unit&quot;:&quot;deg&quot;,&quot;size&quot;:&quot;&quot;,&quot;sizes&quot;:[]}}\" data-widget_type=\"button.default\">\n\t\t\t\t\t\t\t\t\t\t<a class=\"elementor-button elementor-button-link elementor-size-sm\" href=\"https:\/\/tophsoe25.okuserveri.com\/?page_id=15\">\n\t\t\t\t\t\t<span class=\"elementor-button-content-wrapper\">\n\t\t\t\t\t\t\t\t\t<span class=\"elementor-button-text\">Ota yhteytt\u00e4<\/span>\n\t\t\t\t\t<\/span>\n\t\t\t\t\t<\/a>\n\t\t\t\t\t\t\t\t<\/div>\n\t\t\t\t\t<\/div>\n\t\t\t\t<\/div>\n\t\t<div class=\"elementor-element elementor-element-15c2ec38 e-flex e-con-boxed e-con e-parent\" data-id=\"15c2ec38\" data-element_type=\"container\" data-settings=\"{&quot;background_background&quot;:&quot;gradient&quot;}\">\n\t\t\t\t\t<div class=\"e-con-inner\">\n\t\t<div class=\"elementor-element elementor-element-39fa2c5e e-con-full e-flex e-con e-child\" data-id=\"39fa2c5e\" data-element_type=\"container\">\n\t\t\t\t<div class=\"elementor-element elementor-element-5fffc251 elementor-widget elementor-widget-heading\" data-id=\"5fffc251\" data-element_type=\"widget\" data-widget_type=\"heading.default\">\n\t\t\t\t\t<h2 class=\"elementor-heading-title elementor-size-default\">Ota yhteytt\u00e4<\/h2>\t\t\t\t<\/div>\n\t\t\t\t<\/div>\n\t\t<div class=\"elementor-element elementor-element-337c2ae1 e-con-full e-flex e-con e-child\" data-id=\"337c2ae1\" data-element_type=\"container\">\n\t\t\t\t<div class=\"elementor-element elementor-element-4d156290 elementor-widget elementor-widget-text-editor\" data-id=\"4d156290\" data-element_type=\"widget\" data-widget_type=\"text-editor.default\">\n\t\t\t\t\t\t\t\t\t<div class=\"hfg-slot left\"><div class=\"builder-item desktop-left tablet-left mobile-left\"><div class=\"item--inner builder-item--footer-one-widgets\" data-section=\"neve_sidebar-widgets-footer-one-widgets\" data-item-id=\"footer-one-widgets\"><div class=\"widget-area\"><div id=\"block-20\" class=\"widget widget_block widget_text\"><div class=\"builder-item desktop-left tablet-left mobile-left\"><div class=\"item--inner builder-item--footer-two-widgets\" data-section=\"neve_sidebar-widgets-footer-two-widgets\" data-item-id=\"footer-two-widgets\"><div class=\"widget-area\"><div id=\"block-22\" class=\"widget widget_block widget_text\"><p>S\u00e4hk\u00f6posti: <a href=\"mailto:info@karelnet.fi\">info@karelnet.fi<\/a><\/p><div class=\"hfg-slot c-left\"><div class=\"builder-item desktop-left tablet-left mobile-left\"><div class=\"item--inner builder-item--footer-two-widgets\" data-section=\"neve_sidebar-widgets-footer-two-widgets\" data-item-id=\"footer-two-widgets\"><div class=\"widget-area\"><div id=\"block-22\" class=\"widget widget_block widget_text\"><p>Puhelin: <a>040 508 3959 <\/a><\/p><p>Kummunkatu 13 A, 83500 Outokumpu<\/p><p>Karelnet Oy Y-tunnus: 3249411-3<\/p><\/div><\/div><\/div><\/div><\/div><\/div><\/div><\/div><\/div><\/div><\/div><\/div><\/div><\/div>\t\t\t\t\t\t\t\t<\/div>\n\t\t<div class=\"elementor-element elementor-element-361ed384 e-con-full e-flex e-con e-child\" data-id=\"361ed384\" data-element_type=\"container\">\n\t\t\t\t<div class=\"elementor-element elementor-element-23291600 elementor-shape-rounded elementor-grid-0 e-grid-align-center elementor-widget elementor-widget-social-icons\" data-id=\"23291600\" data-element_type=\"widget\" data-widget_type=\"social-icons.default\">\n\t\t\t\t\t\t\t<div class=\"elementor-social-icons-wrapper elementor-grid\">\n\t\t\t\t\t\t\t<span class=\"elementor-grid-item\">\n\t\t\t\t\t<a class=\"elementor-icon elementor-social-icon elementor-social-icon-facebook elementor-repeater-item-33d14a8\" href=\"https:\/\/www.facebook.com\/karelnet.fi\/?locale=fi_FI\" target=\"_blank\">\n\t\t\t\t\t\t<span class=\"elementor-screen-only\">Facebook<\/span>\n\t\t\t\t\t\t<svg aria-hidden=\"true\" class=\"e-font-icon-svg e-fab-facebook\" viewBox=\"0 0 512 512\" xmlns=\"http:\/\/www.w3.org\/2000\/svg\"><path d=\"M504 256C504 119 393 8 256 8S8 119 8 256c0 123.78 90.69 226.38 209.25 245V327.69h-63V256h63v-54.64c0-62.15 37-96.48 93.67-96.48 27.14 0 55.52 4.84 55.52 4.84v61h-31.28c-30.8 0-40.41 19.12-40.41 38.73V256h68.78l-11 71.69h-57.78V501C413.31 482.38 504 379.78 504 256z\"><\/path><\/svg>\t\t\t\t\t<\/a>\n\t\t\t\t<\/span>\n\t\t\t\t\t<\/div>\n\t\t\t\t\t\t<\/div>\n\t\t\t\t<\/div>\n\t\t\t\t<\/div>\n\t\t\t\t\t<\/div>\n\t\t\t\t<\/div>\n\t\t\t\t<\/div>\n\t\t","protected":false},"excerpt":{"rendered":"<p>Usein kysytty\u00e4 T\u00e4lle sivulle on koottu yleisimm\u00e4t kysymykset ja vastaukset valokuidusta ja sen hankinnasta. Mit\u00e4 valokuitu on? Valokuitu on eritt\u00e4in [&hellip;]<\/p>\n","protected":false},"author":2,"featured_media":0,"parent":0,"menu_order":0,"comment_status":"closed","ping_status":"closed","template":"","meta":{"site-sidebar-layout":"no-sidebar","site-content-layout":"","ast-site-content-layout":"full-width-container","site-content-style":"default","site-sidebar-style":"default","ast-global-header-display":"","ast-banner-title-visibility":"","ast-main-header-display":"","ast-hfb-above-header-display":"","ast-hfb-below-header-display":"","ast-hfb-mobile-header-display":"","site-post-title":"disabled","ast-breadcrumbs-content":"","ast-featured-img":"disabled","footer-sml-layout":"","theme-transparent-header-meta":"","adv-header-id-meta":"","stick-header-meta":"","header-above-stick-meta":"","header-main-stick-meta":"","header-below-stick-meta":"","astra-migrate-meta-layouts":"default","ast-page-background-enabled":"default","ast-page-background-meta":{"desktop":{"background-color":"var(--ast-global-color-5)","background-image":"","background-repeat":"repeat","background-position":"center center","background-size":"auto","background-attachment":"scroll","background-type":"","background-media":"","overlay-type":"","overlay-color":"","overlay-opacity":"","overlay-gradient":""},"tablet":{"background-color":"","background-image":"","background-repeat":"repeat","background-position":"center center","background-size":"auto","background-attachment":"scroll","background-type":"","background-media":"","overlay-type":"","overlay-color":"","overlay-opacity":"","overlay-gradient":""},"mobile":{"background-color":"","background-image":"","background-repeat":"repeat","background-position":"center center","background-size":"auto","background-attachment":"scroll","background-type":"","background-media":"","overlay-type":"","overlay-color":"","overlay-opacity":"","overlay-gradient":""}},"ast-content-background-meta":{"desktop":{"background-color":"var(--ast-global-color-4)","background-image":"","background-repeat":"repeat","background-position":"center center","background-size":"auto","background-attachment":"scroll","background-type":"","background-media":"","overlay-type":"","overlay-color":"","overlay-opacity":"","overlay-gradient":""},"tablet":{"background-color":"var(--ast-global-color-4)","background-image":"","background-repeat":"repeat","background-position":"center center","background-size":"auto","background-attachment":"scroll","background-type":"","background-media":"","overlay-type":"","overlay-color":"","overlay-opacity":"","overlay-gradient":""},"mobile":{"background-color":"var(--ast-global-color-4)","background-image":"","background-repeat":"repeat","background-position":"center center","background-size":"auto","background-attachment":"scroll","background-type":"","background-media":"","overlay-type":"","overlay-color":"","overlay-opacity":"","overlay-gradient":""}},"footnotes":""},"class_list":["post-258","page","type-page","status-publish","hentry"],"yoast_head":"<!-- This site is optimized with the Yoast SEO plugin v26.3 - https:\/\/yoast.com\/wordpress\/plugins\/seo\/ -->\n<title>Karelnet valokuitu \u2013 Usein kysytyt kysymykset ja vastaukset<\/title>\n<meta name=\"description\" content=\"T\u00e4\u00e4lt\u00e4 l\u00f6yd\u00e4t vastaukset Karelnetin valokuidun hankintaan, asennukseen ja k\u00e4ytt\u00f6\u00f6n liittyviin kysymyksiin.\" \/>\n<meta name=\"robots\" content=\"index, follow, max-snippet:-1, max-image-preview:large, max-video-preview:-1\" \/>\n<link rel=\"canonical\" href=\"https:\/\/tophsoe25.okuserveri.com\/?page_id=258\" \/>\n<meta property=\"og:locale\" content=\"fi_FI\" \/>\n<meta property=\"og:type\" content=\"article\" \/>\n<meta property=\"og:title\" content=\"Karelnet valokuitu \u2013 Usein kysytyt kysymykset ja vastaukset\" \/>\n<meta property=\"og:description\" content=\"T\u00e4\u00e4lt\u00e4 l\u00f6yd\u00e4t vastaukset Karelnetin valokuidun hankintaan, asennukseen ja k\u00e4ytt\u00f6\u00f6n liittyviin kysymyksiin.\" \/>\n<meta property=\"og:url\" content=\"https:\/\/tophsoe25.okuserveri.com\/?page_id=258\" \/>\n<meta property=\"article:modified_time\" content=\"2025-11-06T11:57:59+00:00\" \/>\n<meta name=\"twitter:card\" content=\"summary_large_image\" \/>\n<meta name=\"twitter:label1\" content=\"Arvioitu lukuaika\" \/>\n\t<meta name=\"twitter:data1\" content=\"3 minuuttia\" \/>\n<script type=\"application\/ld+json\" class=\"yoast-schema-graph\">{\"@context\":\"https:\/\/schema.org\",\"@graph\":[{\"@type\":\"WebPage\",\"@id\":\"https:\/\/tophsoe25.okuserveri.com\/?page_id=258\",\"url\":\"https:\/\/tophsoe25.okuserveri.com\/?page_id=258\",\"name\":\"Karelnet valokuitu \u2013 Usein kysytyt kysymykset ja vastaukset\",\"isPartOf\":{\"@id\":\"https:\/\/tophsoe25.okuserveri.com\/#website\"},\"datePublished\":\"2025-10-23T07:24:49+00:00\",\"dateModified\":\"2025-11-06T11:57:59+00:00\",\"description\":\"T\u00e4\u00e4lt\u00e4 l\u00f6yd\u00e4t vastaukset Karelnetin valokuidun hankintaan, asennukseen ja k\u00e4ytt\u00f6\u00f6n liittyviin kysymyksiin.\",\"breadcrumb\":{\"@id\":\"https:\/\/tophsoe25.okuserveri.com\/?page_id=258#breadcrumb\"},\"inLanguage\":\"fi\",\"potentialAction\":[{\"@type\":\"ReadAction\",\"target\":[\"https:\/\/tophsoe25.okuserveri.com\/?page_id=258\"]}]},{\"@type\":\"BreadcrumbList\",\"@id\":\"https:\/\/tophsoe25.okuserveri.com\/?page_id=258#breadcrumb\",\"itemListElement\":[{\"@type\":\"ListItem\",\"position\":1,\"name\":\"Etusivu\",\"item\":\"https:\/\/tophsoe25.okuserveri.com\/\"},{\"@type\":\"ListItem\",\"position\":2,\"name\":\"Usein kysytty\u00e4\"}]},{\"@type\":\"WebSite\",\"@id\":\"https:\/\/tophsoe25.okuserveri.com\/#website\",\"url\":\"https:\/\/tophsoe25.okuserveri.com\/\",\"name\":\"\",\"description\":\"\",\"potentialAction\":[{\"@type\":\"SearchAction\",\"target\":{\"@type\":\"EntryPoint\",\"urlTemplate\":\"https:\/\/tophsoe25.okuserveri.com\/?s={search_term_string}\"},\"query-input\":{\"@type\":\"PropertyValueSpecification\",\"valueRequired\":true,\"valueName\":\"search_term_string\"}}],\"inLanguage\":\"fi\"}]}<\/script>\n<!-- \/ Yoast SEO plugin. -->","yoast_head_json":{"title":"Karelnet valokuitu \u2013 Usein kysytyt kysymykset ja vastaukset","description":"T\u00e4\u00e4lt\u00e4 l\u00f6yd\u00e4t vastaukset Karelnetin valokuidun hankintaan, asennukseen ja k\u00e4ytt\u00f6\u00f6n liittyviin kysymyksiin.","robots":{"index":"index","follow":"follow","max-snippet":"max-snippet:-1","max-image-preview":"max-image-preview:large","max-video-preview":"max-video-preview:-1"},"canonical":"https:\/\/tophsoe25.okuserveri.com\/?page_id=258","og_locale":"fi_FI","og_type":"article","og_title":"Karelnet valokuitu \u2013 Usein kysytyt kysymykset ja vastaukset","og_description":"T\u00e4\u00e4lt\u00e4 l\u00f6yd\u00e4t vastaukset Karelnetin valokuidun hankintaan, asennukseen ja k\u00e4ytt\u00f6\u00f6n liittyviin kysymyksiin.","og_url":"https:\/\/tophsoe25.okuserveri.com\/?page_id=258","article_modified_time":"2025-11-06T11:57:59+00:00","twitter_card":"summary_large_image","twitter_misc":{"Arvioitu lukuaika":"3 minuuttia"},"schema":{"@context":"https:\/\/schema.org","@graph":[{"@type":"WebPage","@id":"https:\/\/tophsoe25.okuserveri.com\/?page_id=258","url":"https:\/\/tophsoe25.okuserveri.com\/?page_id=258","name":"Karelnet valokuitu \u2013 Usein kysytyt kysymykset ja vastaukset","isPartOf":{"@id":"https:\/\/tophsoe25.okuserveri.com\/#website"},"datePublished":"2025-10-23T07:24:49+00:00","dateModified":"2025-11-06T11:57:59+00:00","description":"T\u00e4\u00e4lt\u00e4 l\u00f6yd\u00e4t vastaukset Karelnetin valokuidun hankintaan, asennukseen ja k\u00e4ytt\u00f6\u00f6n liittyviin kysymyksiin.","breadcrumb":{"@id":"https:\/\/tophsoe25.okuserveri.com\/?page_id=258#breadcrumb"},"inLanguage":"fi","potentialAction":[{"@type":"ReadAction","target":["https:\/\/tophsoe25.okuserveri.com\/?page_id=258"]}]},{"@type":"BreadcrumbList","@id":"https:\/\/tophsoe25.okuserveri.com\/?page_id=258#breadcrumb","itemListElement":[{"@type":"ListItem","position":1,"name":"Etusivu","item":"https:\/\/tophsoe25.okuserveri.com\/"},{"@type":"ListItem","position":2,"name":"Usein kysytty\u00e4"}]},{"@type":"WebSite","@id":"https:\/\/tophsoe25.okuserveri.com\/#website","url":"https:\/\/tophsoe25.okuserveri.com\/","name":"","description":"","potentialAction":[{"@type":"SearchAction","target":{"@type":"EntryPoint","urlTemplate":"https:\/\/tophsoe25.okuserveri.com\/?s={search_term_string}"},"query-input":{"@type":"PropertyValueSpecification","valueRequired":true,"valueName":"search_term_string"}}],"inLanguage":"fi"}]}},"_links":{"self":[{"href":"https:\/\/tophsoe25.okuserveri.com\/index.php?rest_route=\/wp\/v2\/pages\/258","targetHints":{"allow":["GET"]}}],"collection":[{"href":"https:\/\/tophsoe25.okuserveri.com\/index.php?rest_route=\/wp\/v2\/pages"}],"about":[{"href":"https:\/\/tophsoe25.okuserveri.com\/index.php?rest_route=\/wp\/v2\/types\/page"}],"author":[{"embeddable":true,"href":"https:\/\/tophsoe25.okuserveri.com\/index.php?rest_route=\/wp\/v2\/users\/2"}],"replies":[{"embeddable":true,"href":"https:\/\/tophsoe25.okuserveri.com\/index.php?rest_route=%2Fwp%2Fv2%2Fcomments&post=258"}],"version-history":[{"count":5,"href":"https:\/\/tophsoe25.okuserveri.com\/index.php?rest_route=\/wp\/v2\/pages\/258\/revisions"}],"predecessor-version":[{"id":1056,"href":"https:\/\/tophsoe25.okuserveri.com\/index.php?rest_route=\/wp\/v2\/pages\/258\/revisions\/1056"}],"wp:attachment":[{"href":"https:\/\/tophsoe25.okuserveri.com\/index.php?rest_route=%2Fwp%2Fv2%2Fmedia&parent=258"}],"curies":[{"name":"wp","href":"https:\/\/api.w.org\/{rel}","templated":true}]}}