{"id":21,"date":"2025-10-21T07:39:17","date_gmt":"2025-10-21T07:39:17","guid":{"rendered":"https:\/\/tophsoe25.okuserveri.com\/?page_id=21"},"modified":"2025-11-06T11:57:47","modified_gmt":"2025-11-06T11:57:47","slug":"varaa-valokuitu","status":"publish","type":"page","link":"https:\/\/tophsoe25.okuserveri.com\/?page_id=21","title":{"rendered":"Varaa valokuitu"},"content":{"rendered":"\t\t<div data-elementor-type=\"wp-page\" data-elementor-id=\"21\" class=\"elementor elementor-21\">\n\t\t\t\t<div class=\"elementor-element elementor-element-a4240f4 e-flex e-con-boxed e-con e-parent\" data-id=\"a4240f4\" data-element_type=\"container\" data-settings=\"{&quot;background_background&quot;:&quot;classic&quot;}\">\n\t\t\t\t\t<div class=\"e-con-inner\">\n\t\t<div class=\"elementor-element elementor-element-4d77b06 e-con-full e-flex e-con e-child\" data-id=\"4d77b06\" data-element_type=\"container\">\n\t\t\t\t<div class=\"elementor-element elementor-element-f1586f5 elementor-widget elementor-widget-heading\" data-id=\"f1586f5\" data-element_type=\"widget\" data-widget_type=\"heading.default\">\n\t\t\t\t\t<h2 class=\"elementor-heading-title elementor-size-default\">Varaa valokuitu<\/h2>\t\t\t\t<\/div>\n\t\t\t\t<\/div>\n\t\t\t\t\t<\/div>\n\t\t\t\t<\/div>\n\t\t<div class=\"elementor-element elementor-element-a02d657 e-flex e-con-boxed e-con e-parent\" data-id=\"a02d657\" data-element_type=\"container\" data-settings=\"{&quot;background_background&quot;:&quot;slideshow&quot;,&quot;background_slideshow_gallery&quot;:[],&quot;background_slideshow_loop&quot;:&quot;yes&quot;,&quot;background_slideshow_slide_duration&quot;:5000,&quot;background_slideshow_slide_transition&quot;:&quot;fade&quot;,&quot;background_slideshow_transition_duration&quot;:500}\">\n\t\t\t\t\t<div class=\"e-con-inner\">\n\t\t<div class=\"elementor-element elementor-element-a26e75e e-grid e-con-full e-con e-child\" data-id=\"a26e75e\" data-element_type=\"container\">\n\t\t\t\t<div class=\"elementor-element elementor-element-a230df7 elementor-widget elementor-widget-text-editor\" data-id=\"a230df7\" data-element_type=\"widget\" data-widget_type=\"text-editor.default\">\n\t\t\t\t\t\t\t\t\t<p>Alla olevalla lomakkeella voi varata liittym\u00e4n omakotitaloihin ja kes\u00e4m\u00f6kkeihin.<\/p><p>Mik\u00e4li asut taloyhti\u00f6ss\u00e4 tai olet kiinnostunut yritysliittym\u00e4st\u00e4, ilmoita kiinnostuksestasi osoitteeseen <a href=\"mailto:marjo.piironen@karelnet.fi\">marjo.piironen@karelnet.fi<\/a> tai soita p. 040 508 3959.<\/p>\t\t\t\t\t\t\t\t<\/div>\n\t\t\t\t<div class=\"elementor-element elementor-element-8698224 elementor-widget elementor-widget-image\" data-id=\"8698224\" data-element_type=\"widget\" data-widget_type=\"image.default\">\n\t\t\t\t\t\t\t\t\t\t\t\t\t\t\t<img fetchpriority=\"high\" decoding=\"async\" width=\"1024\" height=\"358\" src=\"https:\/\/tophsoe25.okuserveri.com\/wp-content\/uploads\/2025\/11\/varaa_valokuitu-1024x358.jpg\" class=\"attachment-large size-large wp-image-910\" alt=\"\" srcset=\"https:\/\/tophsoe25.okuserveri.com\/wp-content\/uploads\/2025\/11\/varaa_valokuitu-1024x358.jpg 1024w, https:\/\/tophsoe25.okuserveri.com\/wp-content\/uploads\/2025\/11\/varaa_valokuitu-300x105.jpg 300w, https:\/\/tophsoe25.okuserveri.com\/wp-content\/uploads\/2025\/11\/varaa_valokuitu-768x269.jpg 768w, https:\/\/tophsoe25.okuserveri.com\/wp-content\/uploads\/2025\/11\/varaa_valokuitu-1536x538.jpg 1536w, https:\/\/tophsoe25.okuserveri.com\/wp-content\/uploads\/2025\/11\/varaa_valokuitu-2048x717.jpg 2048w\" sizes=\"(max-width: 1024px) 100vw, 1024px\" \/>\t\t\t\t\t\t\t\t\t\t\t\t\t\t\t<\/div>\n\t\t\t\t<\/div>\n\t\t\t\t\t<\/div>\n\t\t\t\t<\/div>\n\t\t<div class=\"elementor-element elementor-element-7bfb5a51 e-flex e-con-boxed e-con e-parent\" data-id=\"7bfb5a51\" data-element_type=\"container\" data-settings=\"{&quot;background_background&quot;:&quot;gradient&quot;}\">\n\t\t\t\t\t<div class=\"e-con-inner\">\n\t\t<div class=\"elementor-element elementor-element-728047a6 e-con-full e-flex e-con e-child\" data-id=\"728047a6\" data-element_type=\"container\">\n\t\t\t\t<div class=\"elementor-element elementor-element-3d9243f3 elementor-widget elementor-widget-heading\" data-id=\"3d9243f3\" data-element_type=\"widget\" data-widget_type=\"heading.default\">\n\t\t\t\t\t<h2 class=\"elementor-heading-title elementor-size-default\">Ota yhteytt\u00e4<\/h2>\t\t\t\t<\/div>\n\t\t\t\t<\/div>\n\t\t<div class=\"elementor-element elementor-element-7c56254c e-con-full e-flex e-con e-child\" data-id=\"7c56254c\" data-element_type=\"container\">\n\t\t\t\t<div class=\"elementor-element elementor-element-4363991a elementor-widget elementor-widget-text-editor\" data-id=\"4363991a\" data-element_type=\"widget\" data-widget_type=\"text-editor.default\">\n\t\t\t\t\t\t\t\t\t<div class=\"hfg-slot left\"><div class=\"builder-item desktop-left tablet-left mobile-left\"><div class=\"item--inner builder-item--footer-one-widgets\" data-section=\"neve_sidebar-widgets-footer-one-widgets\" data-item-id=\"footer-one-widgets\"><div class=\"widget-area\"><div id=\"block-20\" class=\"widget widget_block widget_text\"><div class=\"builder-item desktop-left tablet-left mobile-left\"><div class=\"item--inner builder-item--footer-two-widgets\" data-section=\"neve_sidebar-widgets-footer-two-widgets\" data-item-id=\"footer-two-widgets\"><div class=\"widget-area\"><div id=\"block-22\" class=\"widget widget_block widget_text\"><p>S\u00e4hk\u00f6posti: <a href=\"mailto:info@karelnet.fi\">info@karelnet.fi<\/a><\/p><div class=\"hfg-slot c-left\"><div class=\"builder-item desktop-left tablet-left mobile-left\"><div class=\"item--inner builder-item--footer-two-widgets\" data-section=\"neve_sidebar-widgets-footer-two-widgets\" data-item-id=\"footer-two-widgets\"><div class=\"widget-area\"><div id=\"block-22\" class=\"widget widget_block widget_text\"><p>Puhelin: <a>040 508 3959 <\/a><\/p><p>Kummunkatu 13 A, 83500 Outokumpu<\/p><p>Karelnet Oy Y-tunnus: 3249411-3<\/p><\/div><\/div><\/div><\/div><\/div><\/div><\/div><\/div><\/div><\/div><\/div><\/div><\/div><\/div>\t\t\t\t\t\t\t\t<\/div>\n\t\t<div class=\"elementor-element elementor-element-49139f08 e-con-full e-flex e-con e-child\" data-id=\"49139f08\" data-element_type=\"container\">\n\t\t\t\t<div class=\"elementor-element elementor-element-1bbe5f8a elementor-shape-rounded elementor-grid-0 e-grid-align-center elementor-widget elementor-widget-social-icons\" data-id=\"1bbe5f8a\" data-element_type=\"widget\" data-widget_type=\"social-icons.default\">\n\t\t\t\t\t\t\t<div class=\"elementor-social-icons-wrapper elementor-grid\">\n\t\t\t\t\t\t\t<span class=\"elementor-grid-item\">\n\t\t\t\t\t<a class=\"elementor-icon elementor-social-icon elementor-social-icon-facebook elementor-repeater-item-33d14a8\" href=\"https:\/\/www.facebook.com\/karelnet.fi\/?locale=fi_FI\" target=\"_blank\">\n\t\t\t\t\t\t<span class=\"elementor-screen-only\">Facebook<\/span>\n\t\t\t\t\t\t<svg aria-hidden=\"true\" class=\"e-font-icon-svg e-fab-facebook\" viewBox=\"0 0 512 512\" xmlns=\"http:\/\/www.w3.org\/2000\/svg\"><path d=\"M504 256C504 119 393 8 256 8S8 119 8 256c0 123.78 90.69 226.38 209.25 245V327.69h-63V256h63v-54.64c0-62.15 37-96.48 93.67-96.48 27.14 0 55.52 4.84 55.52 4.84v61h-31.28c-30.8 0-40.41 19.12-40.41 38.73V256h68.78l-11 71.69h-57.78V501C413.31 482.38 504 379.78 504 256z\"><\/path><\/svg>\t\t\t\t\t<\/a>\n\t\t\t\t<\/span>\n\t\t\t\t\t<\/div>\n\t\t\t\t\t\t<\/div>\n\t\t\t\t<\/div>\n\t\t\t\t<\/div>\n\t\t\t\t\t<\/div>\n\t\t\t\t<\/div>\n\t\t\t\t<\/div>\n\t\t","protected":false},"excerpt":{"rendered":"<p>Varaa valokuitu Alla olevalla lomakkeella voi varata liittym\u00e4n omakotitaloihin ja kes\u00e4m\u00f6kkeihin. Mik\u00e4li asut taloyhti\u00f6ss\u00e4 tai olet kiinnostunut yritysliittym\u00e4st\u00e4, ilmoita kiinnostuksestasi [&hellip;]<\/p>\n","protected":false},"author":1,"featured_media":0,"parent":0,"menu_order":0,"comment_status":"closed","ping_status":"closed","template":"","meta":{"site-sidebar-layout":"no-sidebar","site-content-layout":"","ast-site-content-layout":"full-width-container","site-content-style":"default","site-sidebar-style":"default","ast-global-header-display":"","ast-banner-title-visibility":"","ast-main-header-display":"","ast-hfb-above-header-display":"","ast-hfb-below-header-display":"","ast-hfb-mobile-header-display":"","site-post-title":"disabled","ast-breadcrumbs-content":"","ast-featured-img":"disabled","footer-sml-layout":"","theme-transparent-header-meta":"","adv-header-id-meta":"","stick-header-meta":"","header-above-stick-meta":"","header-main-stick-meta":"","header-below-stick-meta":"","astra-migrate-meta-layouts":"default","ast-page-background-enabled":"default","ast-page-background-meta":{"desktop":{"background-color":"var(--ast-global-color-5)","background-image":"","background-repeat":"repeat","background-position":"center center","background-size":"auto","background-attachment":"scroll","background-type":"","background-media":"","overlay-type":"","overlay-color":"","overlay-opacity":"","overlay-gradient":""},"tablet":{"background-color":"","background-image":"","background-repeat":"repeat","background-position":"center center","background-size":"auto","background-attachment":"scroll","background-type":"","background-media":"","overlay-type":"","overlay-color":"","overlay-opacity":"","overlay-gradient":""},"mobile":{"background-color":"","background-image":"","background-repeat":"repeat","background-position":"center center","background-size":"auto","background-attachment":"scroll","background-type":"","background-media":"","overlay-type":"","overlay-color":"","overlay-opacity":"","overlay-gradient":""}},"ast-content-background-meta":{"desktop":{"background-color":"var(--ast-global-color-4)","background-image":"","background-repeat":"repeat","background-position":"center center","background-size":"auto","background-attachment":"scroll","background-type":"","background-media":"","overlay-type":"","overlay-color":"","overlay-opacity":"","overlay-gradient":""},"tablet":{"background-color":"var(--ast-global-color-4)","background-image":"","background-repeat":"repeat","background-position":"center center","background-size":"auto","background-attachment":"scroll","background-type":"","background-media":"","overlay-type":"","overlay-color":"","overlay-opacity":"","overlay-gradient":""},"mobile":{"background-color":"var(--ast-global-color-4)","background-image":"","background-repeat":"repeat","background-position":"center center","background-size":"auto","background-attachment":"scroll","background-type":"","background-media":"","overlay-type":"","overlay-color":"","overlay-opacity":"","overlay-gradient":""}},"footnotes":""},"class_list":["post-21","page","type-page","status-publish","hentry"],"yoast_head":"<!-- This site is optimized with the Yoast SEO plugin v26.3 - https:\/\/yoast.com\/wordpress\/plugins\/seo\/ -->\n<title>Varaa valokuitu Karelnetilt\u00e4 \u2013 edullinen valokuituverkko<\/title>\n<meta name=\"description\" content=\"Valokuitu Karelnetilt\u00e4 \u2013 varaa edullinen valokuituverkko helposti juuri omien tarpeidesi mukaan. Nauti nopeasta ja vakaasta netist\u00e4!\" \/>\n<meta name=\"robots\" content=\"index, follow, max-snippet:-1, max-image-preview:large, max-video-preview:-1\" \/>\n<link rel=\"canonical\" href=\"https:\/\/tophsoe25.okuserveri.com\/?page_id=21\" \/>\n<meta property=\"og:locale\" content=\"fi_FI\" \/>\n<meta property=\"og:type\" content=\"article\" \/>\n<meta property=\"og:title\" content=\"Varaa valokuitu Karelnetilt\u00e4 \u2013 edullinen valokuituverkko\" \/>\n<meta property=\"og:description\" content=\"Valokuitu Karelnetilt\u00e4 \u2013 varaa edullinen valokuituverkko helposti juuri omien tarpeidesi mukaan. Nauti nopeasta ja vakaasta netist\u00e4!\" \/>\n<meta property=\"og:url\" content=\"https:\/\/tophsoe25.okuserveri.com\/?page_id=21\" \/>\n<meta property=\"article:modified_time\" content=\"2025-11-06T11:57:47+00:00\" \/>\n<meta property=\"og:image\" content=\"https:\/\/tophsoe25.okuserveri.com\/wp-content\/uploads\/2025\/11\/varaa_valokuitu-scaled.jpg\" \/>\n\t<meta property=\"og:image:width\" content=\"2560\" \/>\n\t<meta property=\"og:image:height\" content=\"896\" \/>\n\t<meta property=\"og:image:type\" content=\"image\/jpeg\" \/>\n<meta name=\"twitter:card\" content=\"summary_large_image\" \/>\n<meta name=\"twitter:label1\" content=\"Arvioitu lukuaika\" \/>\n\t<meta name=\"twitter:data1\" content=\"1 minuutti\" \/>\n<script type=\"application\/ld+json\" class=\"yoast-schema-graph\">{\"@context\":\"https:\/\/schema.org\",\"@graph\":[{\"@type\":\"WebPage\",\"@id\":\"https:\/\/tophsoe25.okuserveri.com\/?page_id=21\",\"url\":\"https:\/\/tophsoe25.okuserveri.com\/?page_id=21\",\"name\":\"Varaa valokuitu Karelnetilt\u00e4 \u2013 edullinen valokuituverkko\",\"isPartOf\":{\"@id\":\"https:\/\/tophsoe25.okuserveri.com\/#website\"},\"primaryImageOfPage\":{\"@id\":\"https:\/\/tophsoe25.okuserveri.com\/?page_id=21#primaryimage\"},\"image\":{\"@id\":\"https:\/\/tophsoe25.okuserveri.com\/?page_id=21#primaryimage\"},\"thumbnailUrl\":\"https:\/\/tophsoe25.okuserveri.com\/wp-content\/uploads\/2025\/11\/varaa_valokuitu-1024x358.jpg\",\"datePublished\":\"2025-10-21T07:39:17+00:00\",\"dateModified\":\"2025-11-06T11:57:47+00:00\",\"description\":\"Valokuitu Karelnetilt\u00e4 \u2013 varaa edullinen valokuituverkko helposti juuri omien tarpeidesi mukaan. Nauti nopeasta ja vakaasta netist\u00e4!\",\"breadcrumb\":{\"@id\":\"https:\/\/tophsoe25.okuserveri.com\/?page_id=21#breadcrumb\"},\"inLanguage\":\"fi\",\"potentialAction\":[{\"@type\":\"ReadAction\",\"target\":[\"https:\/\/tophsoe25.okuserveri.com\/?page_id=21\"]}]},{\"@type\":\"ImageObject\",\"inLanguage\":\"fi\",\"@id\":\"https:\/\/tophsoe25.okuserveri.com\/?page_id=21#primaryimage\",\"url\":\"https:\/\/tophsoe25.okuserveri.com\/wp-content\/uploads\/2025\/11\/varaa_valokuitu-scaled.jpg\",\"contentUrl\":\"https:\/\/tophsoe25.okuserveri.com\/wp-content\/uploads\/2025\/11\/varaa_valokuitu-scaled.jpg\",\"width\":2560,\"height\":896,\"caption\":\"varaa valokuitu Karelnet\"},{\"@type\":\"BreadcrumbList\",\"@id\":\"https:\/\/tophsoe25.okuserveri.com\/?page_id=21#breadcrumb\",\"itemListElement\":[{\"@type\":\"ListItem\",\"position\":1,\"name\":\"Etusivu\",\"item\":\"https:\/\/tophsoe25.okuserveri.com\/\"},{\"@type\":\"ListItem\",\"position\":2,\"name\":\"Varaa valokuitu\"}]},{\"@type\":\"WebSite\",\"@id\":\"https:\/\/tophsoe25.okuserveri.com\/#website\",\"url\":\"https:\/\/tophsoe25.okuserveri.com\/\",\"name\":\"\",\"description\":\"\",\"potentialAction\":[{\"@type\":\"SearchAction\",\"target\":{\"@type\":\"EntryPoint\",\"urlTemplate\":\"https:\/\/tophsoe25.okuserveri.com\/?s={search_term_string}\"},\"query-input\":{\"@type\":\"PropertyValueSpecification\",\"valueRequired\":true,\"valueName\":\"search_term_string\"}}],\"inLanguage\":\"fi\"}]}<\/script>\n<!-- \/ Yoast SEO plugin. -->","yoast_head_json":{"title":"Varaa valokuitu Karelnetilt\u00e4 \u2013 edullinen valokuituverkko","description":"Valokuitu Karelnetilt\u00e4 \u2013 varaa edullinen valokuituverkko helposti juuri omien tarpeidesi mukaan. Nauti nopeasta ja vakaasta netist\u00e4!","robots":{"index":"index","follow":"follow","max-snippet":"max-snippet:-1","max-image-preview":"max-image-preview:large","max-video-preview":"max-video-preview:-1"},"canonical":"https:\/\/tophsoe25.okuserveri.com\/?page_id=21","og_locale":"fi_FI","og_type":"article","og_title":"Varaa valokuitu Karelnetilt\u00e4 \u2013 edullinen valokuituverkko","og_description":"Valokuitu Karelnetilt\u00e4 \u2013 varaa edullinen valokuituverkko helposti juuri omien tarpeidesi mukaan. Nauti nopeasta ja vakaasta netist\u00e4!","og_url":"https:\/\/tophsoe25.okuserveri.com\/?page_id=21","article_modified_time":"2025-11-06T11:57:47+00:00","og_image":[{"width":2560,"height":896,"url":"https:\/\/tophsoe25.okuserveri.com\/wp-content\/uploads\/2025\/11\/varaa_valokuitu-scaled.jpg","type":"image\/jpeg"}],"twitter_card":"summary_large_image","twitter_misc":{"Arvioitu lukuaika":"1 minuutti"},"schema":{"@context":"https:\/\/schema.org","@graph":[{"@type":"WebPage","@id":"https:\/\/tophsoe25.okuserveri.com\/?page_id=21","url":"https:\/\/tophsoe25.okuserveri.com\/?page_id=21","name":"Varaa valokuitu Karelnetilt\u00e4 \u2013 edullinen valokuituverkko","isPartOf":{"@id":"https:\/\/tophsoe25.okuserveri.com\/#website"},"primaryImageOfPage":{"@id":"https:\/\/tophsoe25.okuserveri.com\/?page_id=21#primaryimage"},"image":{"@id":"https:\/\/tophsoe25.okuserveri.com\/?page_id=21#primaryimage"},"thumbnailUrl":"https:\/\/tophsoe25.okuserveri.com\/wp-content\/uploads\/2025\/11\/varaa_valokuitu-1024x358.jpg","datePublished":"2025-10-21T07:39:17+00:00","dateModified":"2025-11-06T11:57:47+00:00","description":"Valokuitu Karelnetilt\u00e4 \u2013 varaa edullinen valokuituverkko helposti juuri omien tarpeidesi mukaan. Nauti nopeasta ja vakaasta netist\u00e4!","breadcrumb":{"@id":"https:\/\/tophsoe25.okuserveri.com\/?page_id=21#breadcrumb"},"inLanguage":"fi","potentialAction":[{"@type":"ReadAction","target":["https:\/\/tophsoe25.okuserveri.com\/?page_id=21"]}]},{"@type":"ImageObject","inLanguage":"fi","@id":"https:\/\/tophsoe25.okuserveri.com\/?page_id=21#primaryimage","url":"https:\/\/tophsoe25.okuserveri.com\/wp-content\/uploads\/2025\/11\/varaa_valokuitu-scaled.jpg","contentUrl":"https:\/\/tophsoe25.okuserveri.com\/wp-content\/uploads\/2025\/11\/varaa_valokuitu-scaled.jpg","width":2560,"height":896,"caption":"varaa valokuitu Karelnet"},{"@type":"BreadcrumbList","@id":"https:\/\/tophsoe25.okuserveri.com\/?page_id=21#breadcrumb","itemListElement":[{"@type":"ListItem","position":1,"name":"Etusivu","item":"https:\/\/tophsoe25.okuserveri.com\/"},{"@type":"ListItem","position":2,"name":"Varaa valokuitu"}]},{"@type":"WebSite","@id":"https:\/\/tophsoe25.okuserveri.com\/#website","url":"https:\/\/tophsoe25.okuserveri.com\/","name":"","description":"","potentialAction":[{"@type":"SearchAction","target":{"@type":"EntryPoint","urlTemplate":"https:\/\/tophsoe25.okuserveri.com\/?s={search_term_string}"},"query-input":{"@type":"PropertyValueSpecification","valueRequired":true,"valueName":"search_term_string"}}],"inLanguage":"fi"}]}},"_links":{"self":[{"href":"https:\/\/tophsoe25.okuserveri.com\/index.php?rest_route=\/wp\/v2\/pages\/21","targetHints":{"allow":["GET"]}}],"collection":[{"href":"https:\/\/tophsoe25.okuserveri.com\/index.php?rest_route=\/wp\/v2\/pages"}],"about":[{"href":"https:\/\/tophsoe25.okuserveri.com\/index.php?rest_route=\/wp\/v2\/types\/page"}],"author":[{"embeddable":true,"href":"https:\/\/tophsoe25.okuserveri.com\/index.php?rest_route=\/wp\/v2\/users\/1"}],"replies":[{"embeddable":true,"href":"https:\/\/tophsoe25.okuserveri.com\/index.php?rest_route=%2Fwp%2Fv2%2Fcomments&post=21"}],"version-history":[{"count":5,"href":"https:\/\/tophsoe25.okuserveri.com\/index.php?rest_route=\/wp\/v2\/pages\/21\/revisions"}],"predecessor-version":[{"id":1053,"href":"https:\/\/tophsoe25.okuserveri.com\/index.php?rest_route=\/wp\/v2\/pages\/21\/revisions\/1053"}],"wp:attachment":[{"href":"https:\/\/tophsoe25.okuserveri.com\/index.php?rest_route=%2Fwp%2Fv2%2Fmedia&parent=21"}],"curies":[{"name":"wp","href":"https:\/\/api.w.org\/{rel}","templated":true}]}}