{"id":15,"date":"2025-10-21T07:39:36","date_gmt":"2025-10-21T07:39:36","guid":{"rendered":"https:\/\/tophsoe25.okuserveri.com\/?page_id=15"},"modified":"2025-11-06T11:54:16","modified_gmt":"2025-11-06T11:54:16","slug":"yhteystiedot","status":"publish","type":"page","link":"https:\/\/tophsoe25.okuserveri.com\/?page_id=15","title":{"rendered":"Yhteystiedot"},"content":{"rendered":"\t\t<div data-elementor-type=\"wp-page\" data-elementor-id=\"15\" class=\"elementor elementor-15\">\n\t\t\t\t<div class=\"elementor-element elementor-element-6c52b810 e-flex e-con-boxed e-con e-parent\" data-id=\"6c52b810\" data-element_type=\"container\" data-settings=\"{&quot;background_background&quot;:&quot;classic&quot;}\">\n\t\t\t\t\t<div class=\"e-con-inner\">\n\t\t\t\t<div class=\"elementor-element elementor-element-4c3f3cd elementor-widget elementor-widget-heading\" data-id=\"4c3f3cd\" data-element_type=\"widget\" data-widget_type=\"heading.default\">\n\t\t\t\t\t<h1 class=\"elementor-heading-title elementor-size-default\">Yhteystiedot<\/h1>\t\t\t\t<\/div>\n\t\t\t\t\t<\/div>\n\t\t\t\t<\/div>\n\t\t<div class=\"elementor-element elementor-element-49c22ce e-flex e-con-boxed e-con e-parent\" data-id=\"49c22ce\" data-element_type=\"container\">\n\t\t\t\t\t<div class=\"e-con-inner\">\n\t\t\t\t<div class=\"elementor-element elementor-element-622f6df elementor-position-left elementor-view-default elementor-mobile-position-top elementor-widget elementor-widget-icon-box\" data-id=\"622f6df\" data-element_type=\"widget\" data-widget_type=\"icon-box.default\">\n\t\t\t\t\t\t\t<div class=\"elementor-icon-box-wrapper\">\n\n\t\t\t\t\t\t<div class=\"elementor-icon-box-icon\">\n\t\t\t\t<a href=\"https:\/\/www.facebook.com\/karelnet.fi\/?locale=fi_FI\" class=\"elementor-icon\" tabindex=\"-1\" aria-label=\"Seuraa meit\u00e4 Facebookissa!\">\n\t\t\t\t<svg aria-hidden=\"true\" class=\"e-font-icon-svg e-fab-facebook\" viewBox=\"0 0 512 512\" xmlns=\"http:\/\/www.w3.org\/2000\/svg\"><path d=\"M504 256C504 119 393 8 256 8S8 119 8 256c0 123.78 90.69 226.38 209.25 245V327.69h-63V256h63v-54.64c0-62.15 37-96.48 93.67-96.48 27.14 0 55.52 4.84 55.52 4.84v61h-31.28c-30.8 0-40.41 19.12-40.41 38.73V256h68.78l-11 71.69h-57.78V501C413.31 482.38 504 379.78 504 256z\"><\/path><\/svg>\t\t\t\t<\/a>\n\t\t\t<\/div>\n\t\t\t\n\t\t\t\t\t\t<div class=\"elementor-icon-box-content\">\n\n\t\t\t\t\t\t\t\t\t<h3 class=\"elementor-icon-box-title\">\n\t\t\t\t\t\t<a href=\"https:\/\/www.facebook.com\/karelnet.fi\/?locale=fi_FI\" >\n\t\t\t\t\t\t\tSeuraa meit\u00e4 Facebookissa!\t\t\t\t\t\t<\/a>\n\t\t\t\t\t<\/h3>\n\t\t\t\t\n\t\t\t\t\t\t\t\t\t<p class=\"elementor-icon-box-description\">\n\t\t\t\t\t\tPysy ajan tasalla Karelnetin ajankohtaisista tiedotteista, tapahtumista ja uutisista seuraamalla Facebook-sivuamme.\t\t\t\t\t<\/p>\n\t\t\t\t\n\t\t\t<\/div>\n\t\t\t\n\t\t<\/div>\n\t\t\t\t\t\t<\/div>\n\t\t\t\t\t<\/div>\n\t\t\t\t<\/div>\n\t\t<div class=\"elementor-element elementor-element-1a463e0 e-flex e-con-boxed e-con e-parent\" data-id=\"1a463e0\" data-element_type=\"container\" data-settings=\"{&quot;background_background&quot;:&quot;classic&quot;}\">\n\t\t\t\t\t<div class=\"e-con-inner\">\n\t\t\t\t<div class=\"elementor-element elementor-element-559d143 elementor-widget elementor-widget-text-editor\" data-id=\"559d143\" data-element_type=\"widget\" data-widget_type=\"text-editor.default\">\n\t\t\t\t\t\t\t\t\t<p><strong>Karelnet Oy\u00a0\u00a0<\/strong><\/p><p>Y-tunnus: 3249411-3<\/p><p>S\u00e4hk\u00f6posti: <a href=\"mailto:info@karelnet.fi\">info@karelnet.fi<\/a><\/p>\t\t\t\t\t\t\t\t<\/div>\n\t\t\t\t\t<\/div>\n\t\t\t\t<\/div>\n\t\t<div class=\"elementor-element elementor-element-b66897a e-flex e-con-boxed e-con e-parent\" data-id=\"b66897a\" data-element_type=\"container\">\n\t\t\t\t\t<div class=\"e-con-inner\">\n\t\t\t\t<div class=\"elementor-element elementor-element-69ac7cc elementor-widget elementor-widget-heading\" data-id=\"69ac7cc\" data-element_type=\"widget\" data-widget_type=\"heading.default\">\n\t\t\t\t\t<h2 class=\"elementor-heading-title elementor-size-default\">Yhteydenotot ensisijaisesti:<\/h2>\t\t\t\t<\/div>\n\t\t\t\t<div class=\"elementor-element elementor-element-cd3100d elementor-widget elementor-widget-text-editor\" data-id=\"cd3100d\" data-element_type=\"widget\" data-widget_type=\"text-editor.default\">\n\t\t\t\t\t\t\t\t\t<p class=\"has-text-align-center has-medium-font-size\">Marjo Piironen, puh. <a>040 508 3959<\/a>, <a href=\"mailto:marjo.piironen@karelnet.fi\">marjo.piironen@karelnet.fi<\/a><\/p>\t\t\t\t\t\t\t\t<\/div>\n\t\t\t\t<div class=\"elementor-element elementor-element-3bacb59 elementor-widget elementor-widget-heading\" data-id=\"3bacb59\" data-element_type=\"widget\" data-widget_type=\"heading.default\">\n\t\t\t\t\t<h2 class=\"elementor-heading-title elementor-size-default\">Viitasaari:<\/h2>\t\t\t\t<\/div>\n\t\t\t\t<div class=\"elementor-element elementor-element-356af05 elementor-widget elementor-widget-text-editor\" data-id=\"356af05\" data-element_type=\"widget\" data-widget_type=\"text-editor.default\">\n\t\t\t\t\t\t\t\t\t<p class=\"has-text-align-center has-medium-font-size\">Seppo Pietil\u00e4inen, puh. <a href=\"tel:0405076942\">040 5076942<\/a>, <a href=\"mailto:seppo.pietilainen@viitasaari.fi\">seppo.pietilainen@viitasaari.fi<\/a><\/p><p class=\"has-text-align-center has-medium-font-size\">Marjo Piironen, puh. <a>040 508 3959<\/a>, <a href=\"mailto:marjo.piironen@karelnet.fi\">marjo.piironen@karelnet.fi<\/a><\/p>\t\t\t\t\t\t\t\t<\/div>\n\t\t\t\t\t<\/div>\n\t\t\t\t<\/div>\n\t\t<div class=\"elementor-element elementor-element-0f6cbdb e-flex e-con-boxed e-con e-parent\" data-id=\"0f6cbdb\" data-element_type=\"container\" data-settings=\"{&quot;background_background&quot;:&quot;classic&quot;}\">\n\t\t\t\t\t<div class=\"e-con-inner\">\n\t\t\t\t<div class=\"elementor-element elementor-element-4c63345 elementor-widget elementor-widget-heading\" data-id=\"4c63345\" data-element_type=\"widget\" data-widget_type=\"heading.default\">\n\t\t\t\t\t<h2 class=\"elementor-heading-title elementor-size-default\">Toimisto<\/h2>\t\t\t\t<\/div>\n\t\t\t\t<div class=\"elementor-element elementor-element-2a33838 elementor-widget elementor-widget-text-editor\" data-id=\"2a33838\" data-element_type=\"widget\" data-widget_type=\"text-editor.default\">\n\t\t\t\t\t\t\t\t\t<p class=\"has-text-align-center has-medium-font-size\">Kummunkatu 13 A, 83500 Outokumpu<\/p><p class=\"has-text-align-center has-medium-font-size\">Avoinna:<\/p><p class=\"has-text-align-center has-medium-font-size\">torstaisin klo 10-15 ja muina aikoina sopimuksen mukaan.<\/p>\t\t\t\t\t\t\t\t<\/div>\n\t\t\t\t\t<\/div>\n\t\t\t\t<\/div>\n\t\t<div class=\"elementor-element elementor-element-46a26ef e-flex e-con-boxed e-con e-parent\" data-id=\"46a26ef\" data-element_type=\"container\">\n\t\t\t\t\t<div class=\"e-con-inner\">\n\t\t\t\t<div class=\"elementor-element elementor-element-6aa9fa8 elementor-widget elementor-widget-heading\" data-id=\"6aa9fa8\" data-element_type=\"widget\" data-widget_type=\"heading.default\">\n\t\t\t\t\t<h2 class=\"elementor-heading-title elementor-size-default\">Laskutus<\/h2>\t\t\t\t<\/div>\n\t\t\t\t<div class=\"elementor-element elementor-element-a1a2dd1 elementor-widget elementor-widget-text-editor\" data-id=\"a1a2dd1\" data-element_type=\"widget\" data-widget_type=\"text-editor.default\">\n\t\t\t\t\t\t\t\t\t<p><strong>Laskutusosoite:<\/strong><\/p><p>Karelnet Oy<br \/>Kummunkatu 13 A<br \/>83500 OUTOKUMPU<\/p><p><strong>Laskut ensisijaisesti verkkolaskuina:<\/strong><\/p><p>Verkkolaskuosoite: 003732494113<br \/>Operaattoritunnus: 003714377140<br \/>V\u00e4litt\u00e4j\u00e4: Ropo Capital<\/p>\t\t\t\t\t\t\t\t<\/div>\n\t\t\t\t\t<\/div>\n\t\t\t\t<\/div>\n\t\t<div class=\"elementor-element elementor-element-41a1eb3e e-flex e-con-boxed e-con e-parent\" data-id=\"41a1eb3e\" data-element_type=\"container\" data-settings=\"{&quot;background_background&quot;:&quot;gradient&quot;}\">\n\t\t\t\t\t<div class=\"e-con-inner\">\n\t\t<div class=\"elementor-element elementor-element-39eaafbc e-con-full e-flex e-con e-child\" data-id=\"39eaafbc\" data-element_type=\"container\">\n\t\t\t\t<div class=\"elementor-element elementor-element-33fbd5eb elementor-widget elementor-widget-heading\" data-id=\"33fbd5eb\" data-element_type=\"widget\" data-widget_type=\"heading.default\">\n\t\t\t\t\t<h2 class=\"elementor-heading-title elementor-size-default\">Ota yhteytt\u00e4<\/h2>\t\t\t\t<\/div>\n\t\t\t\t<\/div>\n\t\t<div class=\"elementor-element elementor-element-5ba4740d e-con-full e-flex e-con e-child\" data-id=\"5ba4740d\" data-element_type=\"container\">\n\t\t\t\t<div class=\"elementor-element elementor-element-45af993 elementor-widget elementor-widget-text-editor\" data-id=\"45af993\" data-element_type=\"widget\" data-widget_type=\"text-editor.default\">\n\t\t\t\t\t\t\t\t\t<div class=\"hfg-slot left\"><div class=\"builder-item desktop-left tablet-left mobile-left\"><div class=\"item--inner builder-item--footer-one-widgets\" data-section=\"neve_sidebar-widgets-footer-one-widgets\" data-item-id=\"footer-one-widgets\"><div class=\"widget-area\"><div id=\"block-20\" class=\"widget widget_block widget_text\"><div class=\"builder-item desktop-left tablet-left mobile-left\"><div class=\"item--inner builder-item--footer-two-widgets\" data-section=\"neve_sidebar-widgets-footer-two-widgets\" data-item-id=\"footer-two-widgets\"><div class=\"widget-area\"><div id=\"block-22\" class=\"widget widget_block widget_text\"><p>S\u00e4hk\u00f6posti: <a href=\"mailto:info@karelnet.fi\">info@karelnet.fi<\/a><\/p><div class=\"hfg-slot c-left\"><div class=\"builder-item desktop-left tablet-left mobile-left\"><div class=\"item--inner builder-item--footer-two-widgets\" data-section=\"neve_sidebar-widgets-footer-two-widgets\" data-item-id=\"footer-two-widgets\"><div class=\"widget-area\"><div id=\"block-22\" class=\"widget widget_block widget_text\"><p>Puhelin: <a>040 508 3959 <\/a><\/p><p>Kummunkatu 13 A, 83500 Outokumpu<\/p><p>Karelnet Oy Y-tunnus: 3249411-3<\/p><\/div><\/div><\/div><\/div><\/div><\/div><\/div><\/div><\/div><\/div><\/div><\/div><\/div><\/div>\t\t\t\t\t\t\t\t<\/div>\n\t\t<div class=\"elementor-element elementor-element-176d67fe e-con-full e-flex e-con e-child\" data-id=\"176d67fe\" data-element_type=\"container\">\n\t\t\t\t<div class=\"elementor-element elementor-element-a35f52f elementor-shape-rounded elementor-grid-0 e-grid-align-center elementor-widget elementor-widget-social-icons\" data-id=\"a35f52f\" data-element_type=\"widget\" data-widget_type=\"social-icons.default\">\n\t\t\t\t\t\t\t<div class=\"elementor-social-icons-wrapper elementor-grid\">\n\t\t\t\t\t\t\t<span class=\"elementor-grid-item\">\n\t\t\t\t\t<a class=\"elementor-icon elementor-social-icon elementor-social-icon-facebook elementor-repeater-item-33d14a8\" href=\"https:\/\/www.facebook.com\/karelnet.fi\/?locale=fi_FI\" target=\"_blank\">\n\t\t\t\t\t\t<span class=\"elementor-screen-only\">Facebook<\/span>\n\t\t\t\t\t\t<svg aria-hidden=\"true\" class=\"e-font-icon-svg e-fab-facebook\" viewBox=\"0 0 512 512\" xmlns=\"http:\/\/www.w3.org\/2000\/svg\"><path d=\"M504 256C504 119 393 8 256 8S8 119 8 256c0 123.78 90.69 226.38 209.25 245V327.69h-63V256h63v-54.64c0-62.15 37-96.48 93.67-96.48 27.14 0 55.52 4.84 55.52 4.84v61h-31.28c-30.8 0-40.41 19.12-40.41 38.73V256h68.78l-11 71.69h-57.78V501C413.31 482.38 504 379.78 504 256z\"><\/path><\/svg>\t\t\t\t\t<\/a>\n\t\t\t\t<\/span>\n\t\t\t\t\t<\/div>\n\t\t\t\t\t\t<\/div>\n\t\t\t\t<\/div>\n\t\t\t\t<\/div>\n\t\t\t\t\t<\/div>\n\t\t\t\t<\/div>\n\t\t\t\t<\/div>\n\t\t","protected":false},"excerpt":{"rendered":"<p>Yhteystiedot Seuraa meit\u00e4 Facebookissa! Pysy ajan tasalla Karelnetin ajankohtaisista tiedotteista, tapahtumista ja uutisista seuraamalla Facebook-sivuamme. Karelnet Oy\u00a0\u00a0 Y-tunnus: 3249411-3 S\u00e4hk\u00f6posti: [&hellip;]<\/p>\n","protected":false},"author":2,"featured_media":0,"parent":0,"menu_order":0,"comment_status":"closed","ping_status":"closed","template":"","meta":{"site-sidebar-layout":"no-sidebar","site-content-layout":"","ast-site-content-layout":"full-width-container","site-content-style":"default","site-sidebar-style":"default","ast-global-header-display":"","ast-banner-title-visibility":"","ast-main-header-display":"","ast-hfb-above-header-display":"","ast-hfb-below-header-display":"","ast-hfb-mobile-header-display":"","site-post-title":"disabled","ast-breadcrumbs-content":"","ast-featured-img":"disabled","footer-sml-layout":"","theme-transparent-header-meta":"","adv-header-id-meta":"","stick-header-meta":"","header-above-stick-meta":"","header-main-stick-meta":"","header-below-stick-meta":"","astra-migrate-meta-layouts":"default","ast-page-background-enabled":"default","ast-page-background-meta":{"desktop":{"background-color":"var(--ast-global-color-5)","background-image":"","background-repeat":"repeat","background-position":"center center","background-size":"auto","background-attachment":"scroll","background-type":"","background-media":"","overlay-type":"","overlay-color":"","overlay-opacity":"","overlay-gradient":""},"tablet":{"background-color":"","background-image":"","background-repeat":"repeat","background-position":"center center","background-size":"auto","background-attachment":"scroll","background-type":"","background-media":"","overlay-type":"","overlay-color":"","overlay-opacity":"","overlay-gradient":""},"mobile":{"background-color":"","background-image":"","background-repeat":"repeat","background-position":"center center","background-size":"auto","background-attachment":"scroll","background-type":"","background-media":"","overlay-type":"","overlay-color":"","overlay-opacity":"","overlay-gradient":""}},"ast-content-background-meta":{"desktop":{"background-color":"var(--ast-global-color-4)","background-image":"","background-repeat":"repeat","background-position":"center center","background-size":"auto","background-attachment":"scroll","background-type":"","background-media":"","overlay-type":"","overlay-color":"","overlay-opacity":"","overlay-gradient":""},"tablet":{"background-color":"var(--ast-global-color-4)","background-image":"","background-repeat":"repeat","background-position":"center center","background-size":"auto","background-attachment":"scroll","background-type":"","background-media":"","overlay-type":"","overlay-color":"","overlay-opacity":"","overlay-gradient":""},"mobile":{"background-color":"var(--ast-global-color-4)","background-image":"","background-repeat":"repeat","background-position":"center center","background-size":"auto","background-attachment":"scroll","background-type":"","background-media":"","overlay-type":"","overlay-color":"","overlay-opacity":"","overlay-gradient":""}},"footnotes":""},"class_list":["post-15","page","type-page","status-publish","hentry"],"yoast_head":"<!-- This site is optimized with the Yoast SEO plugin v26.3 - https:\/\/yoast.com\/wordpress\/plugins\/seo\/ -->\n<title>Karelnet - Yhteystiedot<\/title>\n<meta name=\"description\" content=\"Tarvitsetko apua valokuituasioissa? T\u00e4\u00e4lt\u00e4 l\u00f6yd\u00e4t Karelnetin yhteystiedot helposti. Ota rohkeasti yhteytt\u00e4 - autamme sinua mielell\u00e4mme.\" \/>\n<meta name=\"robots\" content=\"index, follow, max-snippet:-1, max-image-preview:large, max-video-preview:-1\" \/>\n<link rel=\"canonical\" href=\"https:\/\/tophsoe25.okuserveri.com\/?page_id=15\" \/>\n<meta property=\"og:locale\" content=\"fi_FI\" \/>\n<meta property=\"og:type\" content=\"article\" \/>\n<meta property=\"og:title\" content=\"Karelnet - Yhteystiedot\" \/>\n<meta property=\"og:description\" content=\"Tarvitsetko apua valokuituasioissa? T\u00e4\u00e4lt\u00e4 l\u00f6yd\u00e4t Karelnetin yhteystiedot helposti. Ota rohkeasti yhteytt\u00e4 - autamme sinua mielell\u00e4mme.\" \/>\n<meta property=\"og:url\" content=\"https:\/\/tophsoe25.okuserveri.com\/?page_id=15\" \/>\n<meta property=\"article:modified_time\" content=\"2025-11-06T11:54:16+00:00\" \/>\n<meta name=\"twitter:card\" content=\"summary_large_image\" \/>\n<meta name=\"twitter:label1\" content=\"Arvioitu lukuaika\" \/>\n\t<meta name=\"twitter:data1\" content=\"1 minuutti\" \/>\n<script type=\"application\/ld+json\" class=\"yoast-schema-graph\">{\"@context\":\"https:\/\/schema.org\",\"@graph\":[{\"@type\":\"WebPage\",\"@id\":\"https:\/\/tophsoe25.okuserveri.com\/?page_id=15\",\"url\":\"https:\/\/tophsoe25.okuserveri.com\/?page_id=15\",\"name\":\"Karelnet - Yhteystiedot\",\"isPartOf\":{\"@id\":\"https:\/\/tophsoe25.okuserveri.com\/#website\"},\"datePublished\":\"2025-10-21T07:39:36+00:00\",\"dateModified\":\"2025-11-06T11:54:16+00:00\",\"description\":\"Tarvitsetko apua valokuituasioissa? T\u00e4\u00e4lt\u00e4 l\u00f6yd\u00e4t Karelnetin yhteystiedot helposti. Ota rohkeasti yhteytt\u00e4 - autamme sinua mielell\u00e4mme.\",\"breadcrumb\":{\"@id\":\"https:\/\/tophsoe25.okuserveri.com\/?page_id=15#breadcrumb\"},\"inLanguage\":\"fi\",\"potentialAction\":[{\"@type\":\"ReadAction\",\"target\":[\"https:\/\/tophsoe25.okuserveri.com\/?page_id=15\"]}]},{\"@type\":\"BreadcrumbList\",\"@id\":\"https:\/\/tophsoe25.okuserveri.com\/?page_id=15#breadcrumb\",\"itemListElement\":[{\"@type\":\"ListItem\",\"position\":1,\"name\":\"Etusivu\",\"item\":\"https:\/\/tophsoe25.okuserveri.com\/\"},{\"@type\":\"ListItem\",\"position\":2,\"name\":\"Yhteystiedot\"}]},{\"@type\":\"WebSite\",\"@id\":\"https:\/\/tophsoe25.okuserveri.com\/#website\",\"url\":\"https:\/\/tophsoe25.okuserveri.com\/\",\"name\":\"\",\"description\":\"\",\"potentialAction\":[{\"@type\":\"SearchAction\",\"target\":{\"@type\":\"EntryPoint\",\"urlTemplate\":\"https:\/\/tophsoe25.okuserveri.com\/?s={search_term_string}\"},\"query-input\":{\"@type\":\"PropertyValueSpecification\",\"valueRequired\":true,\"valueName\":\"search_term_string\"}}],\"inLanguage\":\"fi\"}]}<\/script>\n<!-- \/ Yoast SEO plugin. -->","yoast_head_json":{"title":"Karelnet - Yhteystiedot","description":"Tarvitsetko apua valokuituasioissa? T\u00e4\u00e4lt\u00e4 l\u00f6yd\u00e4t Karelnetin yhteystiedot helposti. Ota rohkeasti yhteytt\u00e4 - autamme sinua mielell\u00e4mme.","robots":{"index":"index","follow":"follow","max-snippet":"max-snippet:-1","max-image-preview":"max-image-preview:large","max-video-preview":"max-video-preview:-1"},"canonical":"https:\/\/tophsoe25.okuserveri.com\/?page_id=15","og_locale":"fi_FI","og_type":"article","og_title":"Karelnet - Yhteystiedot","og_description":"Tarvitsetko apua valokuituasioissa? T\u00e4\u00e4lt\u00e4 l\u00f6yd\u00e4t Karelnetin yhteystiedot helposti. Ota rohkeasti yhteytt\u00e4 - autamme sinua mielell\u00e4mme.","og_url":"https:\/\/tophsoe25.okuserveri.com\/?page_id=15","article_modified_time":"2025-11-06T11:54:16+00:00","twitter_card":"summary_large_image","twitter_misc":{"Arvioitu lukuaika":"1 minuutti"},"schema":{"@context":"https:\/\/schema.org","@graph":[{"@type":"WebPage","@id":"https:\/\/tophsoe25.okuserveri.com\/?page_id=15","url":"https:\/\/tophsoe25.okuserveri.com\/?page_id=15","name":"Karelnet - Yhteystiedot","isPartOf":{"@id":"https:\/\/tophsoe25.okuserveri.com\/#website"},"datePublished":"2025-10-21T07:39:36+00:00","dateModified":"2025-11-06T11:54:16+00:00","description":"Tarvitsetko apua valokuituasioissa? T\u00e4\u00e4lt\u00e4 l\u00f6yd\u00e4t Karelnetin yhteystiedot helposti. Ota rohkeasti yhteytt\u00e4 - autamme sinua mielell\u00e4mme.","breadcrumb":{"@id":"https:\/\/tophsoe25.okuserveri.com\/?page_id=15#breadcrumb"},"inLanguage":"fi","potentialAction":[{"@type":"ReadAction","target":["https:\/\/tophsoe25.okuserveri.com\/?page_id=15"]}]},{"@type":"BreadcrumbList","@id":"https:\/\/tophsoe25.okuserveri.com\/?page_id=15#breadcrumb","itemListElement":[{"@type":"ListItem","position":1,"name":"Etusivu","item":"https:\/\/tophsoe25.okuserveri.com\/"},{"@type":"ListItem","position":2,"name":"Yhteystiedot"}]},{"@type":"WebSite","@id":"https:\/\/tophsoe25.okuserveri.com\/#website","url":"https:\/\/tophsoe25.okuserveri.com\/","name":"","description":"","potentialAction":[{"@type":"SearchAction","target":{"@type":"EntryPoint","urlTemplate":"https:\/\/tophsoe25.okuserveri.com\/?s={search_term_string}"},"query-input":{"@type":"PropertyValueSpecification","valueRequired":true,"valueName":"search_term_string"}}],"inLanguage":"fi"}]}},"_links":{"self":[{"href":"https:\/\/tophsoe25.okuserveri.com\/index.php?rest_route=\/wp\/v2\/pages\/15","targetHints":{"allow":["GET"]}}],"collection":[{"href":"https:\/\/tophsoe25.okuserveri.com\/index.php?rest_route=\/wp\/v2\/pages"}],"about":[{"href":"https:\/\/tophsoe25.okuserveri.com\/index.php?rest_route=\/wp\/v2\/types\/page"}],"author":[{"embeddable":true,"href":"https:\/\/tophsoe25.okuserveri.com\/index.php?rest_route=\/wp\/v2\/users\/2"}],"replies":[{"embeddable":true,"href":"https:\/\/tophsoe25.okuserveri.com\/index.php?rest_route=%2Fwp%2Fv2%2Fcomments&post=15"}],"version-history":[{"count":5,"href":"https:\/\/tophsoe25.okuserveri.com\/index.php?rest_route=\/wp\/v2\/pages\/15\/revisions"}],"predecessor-version":[{"id":1050,"href":"https:\/\/tophsoe25.okuserveri.com\/index.php?rest_route=\/wp\/v2\/pages\/15\/revisions\/1050"}],"wp:attachment":[{"href":"https:\/\/tophsoe25.okuserveri.com\/index.php?rest_route=%2Fwp%2Fv2%2Fmedia&parent=15"}],"curies":[{"name":"wp","href":"https:\/\/api.w.org\/{rel}","templated":true}]}}