{"id":129,"date":"2025-10-22T07:38:54","date_gmt":"2025-10-22T07:38:54","guid":{"rendered":"https:\/\/tophsoe25.okuserveri.com\/?page_id=129"},"modified":"2025-11-06T11:45:17","modified_gmt":"2025-11-06T11:45:17","slug":"tervo","status":"publish","type":"page","link":"https:\/\/tophsoe25.okuserveri.com\/?page_id=129","title":{"rendered":"Tervo"},"content":{"rendered":"\t\t<div data-elementor-type=\"wp-page\" data-elementor-id=\"129\" class=\"elementor elementor-129\">\n\t\t\t\t<div class=\"elementor-element elementor-element-2b21283b e-flex e-con-boxed e-con e-parent\" data-id=\"2b21283b\" data-element_type=\"container\" data-settings=\"{&quot;background_background&quot;:&quot;classic&quot;}\">\n\t\t\t\t\t<div class=\"e-con-inner\">\n\t\t<div class=\"elementor-element elementor-element-6e29a945 e-flex e-con-boxed e-con e-child\" data-id=\"6e29a945\" data-element_type=\"container\" data-settings=\"{&quot;background_background&quot;:&quot;slideshow&quot;,&quot;background_slideshow_gallery&quot;:[{&quot;id&quot;:520,&quot;url&quot;:&quot;https:\\\/\\\/tophsoe25.okuserveri.com\\\/wp-content\\\/uploads\\\/2025\\\/10\\\/tervo-scaled.jpg&quot;}],&quot;background_slideshow_loop&quot;:&quot;yes&quot;,&quot;background_slideshow_slide_duration&quot;:5000,&quot;background_slideshow_slide_transition&quot;:&quot;fade&quot;,&quot;background_slideshow_transition_duration&quot;:500}\">\n\t\t\t\t\t<div class=\"e-con-inner\">\n\t\t<div class=\"elementor-element elementor-element-7993b1b e-con-full e-flex e-con e-child\" data-id=\"7993b1b\" data-element_type=\"container\" data-settings=\"{&quot;background_background&quot;:&quot;classic&quot;}\">\n\t\t\t\t<div class=\"elementor-element elementor-element-9cf74e1 elementor-widget elementor-widget-heading\" data-id=\"9cf74e1\" data-element_type=\"widget\" data-widget_type=\"heading.default\">\n\t\t\t\t\t<h2 class=\"elementor-heading-title elementor-size-default\">\nSuunnittelemme valokuituverkon rakentamista Tervoon!\n<\/h2>\t\t\t\t<\/div>\n\t\t\t\t<\/div>\n\t\t\t\t<div class=\"elementor-element elementor-element-1c5ce93a elementor-align-center elementor-widget elementor-widget-button\" data-id=\"1c5ce93a\" data-element_type=\"widget\" data-widget_type=\"button.default\">\n\t\t\t\t\t\t\t\t\t\t<a class=\"elementor-button elementor-button-link elementor-size-sm\" href=\"https:\/\/tophsoe25.okuserveri.com\/?page_id=21\">\n\t\t\t\t\t\t<span class=\"elementor-button-content-wrapper\">\n\t\t\t\t\t\t\t\t\t<span class=\"elementor-button-text\">Varaa valokuitu<\/span>\n\t\t\t\t\t<\/span>\n\t\t\t\t\t<\/a>\n\t\t\t\t\t\t\t\t<\/div>\n\t\t\t\t\t<\/div>\n\t\t\t\t<\/div>\n\t\t\t\t\t<\/div>\n\t\t\t\t<\/div>\n\t\t<div class=\"elementor-element elementor-element-0d3385e e-flex e-con-boxed e-con e-parent\" data-id=\"0d3385e\" data-element_type=\"container\">\n\t\t\t\t\t<div class=\"e-con-inner\">\n\t\t\t\t\t<\/div>\n\t\t\t\t<\/div>\n\t\t<div class=\"elementor-element elementor-element-3bc8922 e-flex e-con-boxed e-con e-parent\" data-id=\"3bc8922\" data-element_type=\"container\">\n\t\t\t\t\t<div class=\"e-con-inner\">\n\t\t\t\t<div class=\"elementor-element elementor-element-c922742 elementor-widget elementor-widget-heading\" data-id=\"c922742\" data-element_type=\"widget\" data-widget_type=\"heading.default\">\n\t\t\t\t\t<h2 class=\"elementor-heading-title elementor-size-default\">Suunnittelemme verkon rakentamista!<\/h2>\t\t\t\t<\/div>\n\t\t\t\t<div class=\"elementor-element elementor-element-e5cc23b elementor-widget elementor-widget-text-editor\" data-id=\"e5cc23b\" data-element_type=\"widget\" data-widget_type=\"text-editor.default\">\n\t\t\t\t\t\t\t\t\t<p>Tervon Haapam\u00e4ki-Karttula-Talluskyl\u00e4 alueen Maaseuturahaston kyl\u00e4verkkotuki haettiin 30.9.2025. Viel\u00e4 ehtii mukaan varaamalla oman liittym\u00e4n. T\u00e4m\u00e4 on kylien yhteinen hanke, joka parantaa oleellisesti asumista ja ty\u00f6skentely\u00e4 alueella. Varmista liittym\u00e4si etuk\u00e4teen<strong> tarjoushintaan 99 \u20ac.<\/strong> Hankealueella valokuitu tarjoaa h\u00e4iri\u00f6tt\u00f6m\u00e4n ja nopean nettiyhteyden niin opiskeluun, ty\u00f6skentelyyn kuin et\u00e4terveydenhuoltoonkin.<\/p>\t\t\t\t\t\t\t\t<\/div>\n\t\t\t\t\t<\/div>\n\t\t\t\t<\/div>\n\t\t<div class=\"elementor-element elementor-element-10dab4c e-flex e-con-boxed e-con e-parent\" data-id=\"10dab4c\" data-element_type=\"container\">\n\t\t\t\t\t<div class=\"e-con-inner\">\n\t\t\t\t<div class=\"elementor-element elementor-element-942019b elementor-widget elementor-widget-heading\" data-id=\"942019b\" data-element_type=\"widget\" data-widget_type=\"heading.default\">\n\t\t\t\t\t<h2 class=\"elementor-heading-title elementor-size-default\">Kysy lis\u00e4\u00e4!<\/h2>\t\t\t\t<\/div>\n\t\t\t\t<div class=\"elementor-element elementor-element-695d9f3 elementor-widget elementor-widget-text-editor\" data-id=\"695d9f3\" data-element_type=\"widget\" data-widget_type=\"text-editor.default\">\n\t\t\t\t\t\t\t\t\t<p>Marjo Piironen<\/p><p>puh. 040 508 3959<\/p><p>marjo.piironen@karelnet.fi<\/p>\t\t\t\t\t\t\t\t<\/div>\n\t\t\t\t\t<\/div>\n\t\t\t\t<\/div>\n\t\t<div class=\"elementor-element elementor-element-e28b7b4 e-flex e-con-boxed e-con e-parent\" data-id=\"e28b7b4\" data-element_type=\"container\">\n\t\t\t\t\t<div class=\"e-con-inner\">\n\t\t<div class=\"elementor-element elementor-element-bc8fe95 e-grid e-con-full e-con e-child\" data-id=\"bc8fe95\" data-element_type=\"container\">\n\t\t\t\t<div class=\"elementor-element elementor-element-04b5764 elementor-widget elementor-widget-image\" data-id=\"04b5764\" data-element_type=\"widget\" data-widget_type=\"image.default\">\n\t\t\t\t\t\t\t\t\t\t\t\t\t\t\t<img decoding=\"async\" src=\"https:\/\/tophsoe25.okuserveri.com\/wp-content\/uploads\/elementor\/thumbs\/tervo_logo-scaled-rdmh4tthxssodg2nlmrpjzv1hp33y4bp4ukq8rgl3w.png\" title=\"tervo_logo\" alt=\"tervo_logo\" loading=\"lazy\" \/>\t\t\t\t\t\t\t\t\t\t\t\t\t\t\t<\/div>\n\t\t\t\t<div class=\"elementor-element elementor-element-1d82135 elementor-widget elementor-widget-image\" data-id=\"1d82135\" data-element_type=\"widget\" data-widget_type=\"image.default\">\n\t\t\t\t\t\t\t\t\t\t\t\t\t\t\t<img fetchpriority=\"high\" decoding=\"async\" width=\"1024\" height=\"243\" src=\"https:\/\/tophsoe25.okuserveri.com\/wp-content\/uploads\/2025\/10\/osarahoitus_eu-1024x243.png\" class=\"attachment-large size-large wp-image-307\" alt=\"\" srcset=\"https:\/\/tophsoe25.okuserveri.com\/wp-content\/uploads\/2025\/10\/osarahoitus_eu-1024x243.png 1024w, https:\/\/tophsoe25.okuserveri.com\/wp-content\/uploads\/2025\/10\/osarahoitus_eu-300x71.png 300w, https:\/\/tophsoe25.okuserveri.com\/wp-content\/uploads\/2025\/10\/osarahoitus_eu-768x182.png 768w, https:\/\/tophsoe25.okuserveri.com\/wp-content\/uploads\/2025\/10\/osarahoitus_eu-1536x365.png 1536w, https:\/\/tophsoe25.okuserveri.com\/wp-content\/uploads\/2025\/10\/osarahoitus_eu-2048x487.png 2048w\" sizes=\"(max-width: 1024px) 100vw, 1024px\" \/>\t\t\t\t\t\t\t\t\t\t\t\t\t\t\t<\/div>\n\t\t\t\t<\/div>\n\t\t\t\t\t<\/div>\n\t\t\t\t<\/div>\n\t\t<div class=\"elementor-element elementor-element-c6f080 e-flex e-con-boxed e-con e-parent\" data-id=\"c6f080\" data-element_type=\"container\" data-settings=\"{&quot;background_background&quot;:&quot;gradient&quot;}\">\n\t\t\t\t\t<div class=\"e-con-inner\">\n\t\t<div class=\"elementor-element elementor-element-51a57952 e-con-full e-flex e-con e-child\" data-id=\"51a57952\" data-element_type=\"container\">\n\t\t\t\t<div class=\"elementor-element elementor-element-6f5da800 elementor-widget elementor-widget-heading\" data-id=\"6f5da800\" data-element_type=\"widget\" data-widget_type=\"heading.default\">\n\t\t\t\t\t<h2 class=\"elementor-heading-title elementor-size-default\">Ota yhteytt\u00e4<\/h2>\t\t\t\t<\/div>\n\t\t\t\t<\/div>\n\t\t<div class=\"elementor-element elementor-element-5fcbdc84 e-con-full e-flex e-con e-child\" data-id=\"5fcbdc84\" data-element_type=\"container\">\n\t\t\t\t<div class=\"elementor-element elementor-element-39271388 elementor-widget elementor-widget-text-editor\" data-id=\"39271388\" data-element_type=\"widget\" data-widget_type=\"text-editor.default\">\n\t\t\t\t\t\t\t\t\t<div class=\"hfg-slot left\"><div class=\"builder-item desktop-left tablet-left mobile-left\"><div class=\"item--inner builder-item--footer-one-widgets\" data-section=\"neve_sidebar-widgets-footer-one-widgets\" data-item-id=\"footer-one-widgets\"><div class=\"widget-area\"><div id=\"block-20\" class=\"widget widget_block widget_text\"><div class=\"builder-item desktop-left tablet-left mobile-left\"><div class=\"item--inner builder-item--footer-two-widgets\" data-section=\"neve_sidebar-widgets-footer-two-widgets\" data-item-id=\"footer-two-widgets\"><div class=\"widget-area\"><div id=\"block-22\" class=\"widget widget_block widget_text\"><p>S\u00e4hk\u00f6posti: <a href=\"mailto:info@karelnet.fi\">info@karelnet.fi<\/a><\/p><div class=\"hfg-slot c-left\"><div class=\"builder-item desktop-left tablet-left mobile-left\"><div class=\"item--inner builder-item--footer-two-widgets\" data-section=\"neve_sidebar-widgets-footer-two-widgets\" data-item-id=\"footer-two-widgets\"><div class=\"widget-area\"><div id=\"block-22\" class=\"widget widget_block widget_text\"><p>Puhelin: <a>040 508 3959 <\/a><\/p><p>Kummunkatu 13 A, 83500 Outokumpu<\/p><p>Karelnet Oy Y-tunnus: 3249411-3<\/p><\/div><\/div><\/div><\/div><\/div><\/div><\/div><\/div><\/div><\/div><\/div><\/div><\/div><\/div>\t\t\t\t\t\t\t\t<\/div>\n\t\t<div class=\"elementor-element elementor-element-950a0eb e-con-full e-flex e-con e-child\" data-id=\"950a0eb\" data-element_type=\"container\">\n\t\t\t\t<div class=\"elementor-element elementor-element-6ced3bde elementor-shape-rounded elementor-grid-0 e-grid-align-center elementor-widget elementor-widget-social-icons\" data-id=\"6ced3bde\" data-element_type=\"widget\" data-widget_type=\"social-icons.default\">\n\t\t\t\t\t\t\t<div class=\"elementor-social-icons-wrapper elementor-grid\">\n\t\t\t\t\t\t\t<span class=\"elementor-grid-item\">\n\t\t\t\t\t<a class=\"elementor-icon elementor-social-icon elementor-social-icon-facebook elementor-repeater-item-33d14a8\" href=\"https:\/\/www.facebook.com\/karelnet.fi\/?locale=fi_FI\" target=\"_blank\">\n\t\t\t\t\t\t<span class=\"elementor-screen-only\">Facebook<\/span>\n\t\t\t\t\t\t<svg aria-hidden=\"true\" class=\"e-font-icon-svg e-fab-facebook\" viewBox=\"0 0 512 512\" xmlns=\"http:\/\/www.w3.org\/2000\/svg\"><path d=\"M504 256C504 119 393 8 256 8S8 119 8 256c0 123.78 90.69 226.38 209.25 245V327.69h-63V256h63v-54.64c0-62.15 37-96.48 93.67-96.48 27.14 0 55.52 4.84 55.52 4.84v61h-31.28c-30.8 0-40.41 19.12-40.41 38.73V256h68.78l-11 71.69h-57.78V501C413.31 482.38 504 379.78 504 256z\"><\/path><\/svg>\t\t\t\t\t<\/a>\n\t\t\t\t<\/span>\n\t\t\t\t\t<\/div>\n\t\t\t\t\t\t<\/div>\n\t\t\t\t<\/div>\n\t\t\t\t<\/div>\n\t\t\t\t\t<\/div>\n\t\t\t\t<\/div>\n\t\t\t\t<\/div>\n\t\t","protected":false},"excerpt":{"rendered":"<p>Suunnittelemme valokuituverkon rakentamista Tervoon! Varaa valokuitu Suunnittelemme verkon rakentamista! Tervon Haapam\u00e4ki-Karttula-Talluskyl\u00e4 alueen Maaseuturahaston kyl\u00e4verkkotuki haettiin 30.9.2025. Viel\u00e4 ehtii mukaan varaamalla [&hellip;]<\/p>\n","protected":false},"author":2,"featured_media":0,"parent":0,"menu_order":0,"comment_status":"closed","ping_status":"closed","template":"","meta":{"site-sidebar-layout":"no-sidebar","site-content-layout":"","ast-site-content-layout":"full-width-container","site-content-style":"default","site-sidebar-style":"default","ast-global-header-display":"","ast-banner-title-visibility":"","ast-main-header-display":"","ast-hfb-above-header-display":"","ast-hfb-below-header-display":"","ast-hfb-mobile-header-display":"","site-post-title":"disabled","ast-breadcrumbs-content":"","ast-featured-img":"disabled","footer-sml-layout":"","theme-transparent-header-meta":"","adv-header-id-meta":"","stick-header-meta":"","header-above-stick-meta":"","header-main-stick-meta":"","header-below-stick-meta":"","astra-migrate-meta-layouts":"default","ast-page-background-enabled":"default","ast-page-background-meta":{"desktop":{"background-color":"var(--ast-global-color-5)","background-image":"","background-repeat":"repeat","background-position":"center center","background-size":"auto","background-attachment":"scroll","background-type":"","background-media":"","overlay-type":"","overlay-color":"","overlay-opacity":"","overlay-gradient":""},"tablet":{"background-color":"","background-image":"","background-repeat":"repeat","background-position":"center center","background-size":"auto","background-attachment":"scroll","background-type":"","background-media":"","overlay-type":"","overlay-color":"","overlay-opacity":"","overlay-gradient":""},"mobile":{"background-color":"","background-image":"","background-repeat":"repeat","background-position":"center center","background-size":"auto","background-attachment":"scroll","background-type":"","background-media":"","overlay-type":"","overlay-color":"","overlay-opacity":"","overlay-gradient":""}},"ast-content-background-meta":{"desktop":{"background-color":"var(--ast-global-color-4)","background-image":"","background-repeat":"repeat","background-position":"center center","background-size":"auto","background-attachment":"scroll","background-type":"","background-media":"","overlay-type":"","overlay-color":"","overlay-opacity":"","overlay-gradient":""},"tablet":{"background-color":"var(--ast-global-color-4)","background-image":"","background-repeat":"repeat","background-position":"center center","background-size":"auto","background-attachment":"scroll","background-type":"","background-media":"","overlay-type":"","overlay-color":"","overlay-opacity":"","overlay-gradient":""},"mobile":{"background-color":"var(--ast-global-color-4)","background-image":"","background-repeat":"repeat","background-position":"center center","background-size":"auto","background-attachment":"scroll","background-type":"","background-media":"","overlay-type":"","overlay-color":"","overlay-opacity":"","overlay-gradient":""}},"footnotes":""},"class_list":["post-129","page","type-page","status-publish","hentry"],"yoast_head":"<!-- This site is optimized with the Yoast SEO plugin v26.3 - https:\/\/yoast.com\/wordpress\/plugins\/seo\/ -->\n<title>Karelnet valokuituverkko Tervoon - varaa yhteys jo t\u00e4n\u00e4\u00e4n<\/title>\n<meta name=\"description\" content=\"Tilaa Karelnet valokuituverkko Tervoon. Nauti nopeasta ja vakaasta netist\u00e4 edullisesti \u2013 varaa oma yhteytesi jo t\u00e4n\u00e4\u00e4n!\" \/>\n<meta name=\"robots\" content=\"index, follow, max-snippet:-1, max-image-preview:large, max-video-preview:-1\" \/>\n<link rel=\"canonical\" href=\"https:\/\/tophsoe25.okuserveri.com\/?page_id=129\" \/>\n<meta property=\"og:locale\" content=\"fi_FI\" \/>\n<meta property=\"og:type\" content=\"article\" \/>\n<meta property=\"og:title\" content=\"Karelnet valokuituverkko Tervoon - varaa yhteys jo t\u00e4n\u00e4\u00e4n\" \/>\n<meta property=\"og:description\" content=\"Tilaa Karelnet valokuituverkko Tervoon. Nauti nopeasta ja vakaasta netist\u00e4 edullisesti \u2013 varaa oma yhteytesi jo t\u00e4n\u00e4\u00e4n!\" \/>\n<meta property=\"og:url\" content=\"https:\/\/tophsoe25.okuserveri.com\/?page_id=129\" \/>\n<meta property=\"article:modified_time\" content=\"2025-11-06T11:45:17+00:00\" \/>\n<meta property=\"og:image\" content=\"https:\/\/tophsoe25.okuserveri.com\/wp-content\/uploads\/elementor\/thumbs\/tervo_logo-scaled-rdmh4tthxssodg2nlmrpjzv1hp33y4bp4ukq8rgl3w.png\" \/>\n<meta name=\"twitter:card\" content=\"summary_large_image\" \/>\n<meta name=\"twitter:label1\" content=\"Arvioitu lukuaika\" \/>\n\t<meta name=\"twitter:data1\" content=\"1 minuutti\" \/>\n<script type=\"application\/ld+json\" class=\"yoast-schema-graph\">{\"@context\":\"https:\/\/schema.org\",\"@graph\":[{\"@type\":\"WebPage\",\"@id\":\"https:\/\/tophsoe25.okuserveri.com\/?page_id=129\",\"url\":\"https:\/\/tophsoe25.okuserveri.com\/?page_id=129\",\"name\":\"Karelnet valokuituverkko Tervoon - varaa yhteys jo t\u00e4n\u00e4\u00e4n\",\"isPartOf\":{\"@id\":\"https:\/\/tophsoe25.okuserveri.com\/#website\"},\"primaryImageOfPage\":{\"@id\":\"https:\/\/tophsoe25.okuserveri.com\/?page_id=129#primaryimage\"},\"image\":{\"@id\":\"https:\/\/tophsoe25.okuserveri.com\/?page_id=129#primaryimage\"},\"thumbnailUrl\":\"https:\/\/tophsoe25.okuserveri.com\/wp-content\/uploads\/elementor\/thumbs\/tervo_logo-scaled-rdmh4tthxssodg2nlmrpjzv1hp33y4bp4ukq8rgl3w.png\",\"datePublished\":\"2025-10-22T07:38:54+00:00\",\"dateModified\":\"2025-11-06T11:45:17+00:00\",\"description\":\"Tilaa Karelnet valokuituverkko Tervoon. Nauti nopeasta ja vakaasta netist\u00e4 edullisesti \u2013 varaa oma yhteytesi jo t\u00e4n\u00e4\u00e4n!\",\"breadcrumb\":{\"@id\":\"https:\/\/tophsoe25.okuserveri.com\/?page_id=129#breadcrumb\"},\"inLanguage\":\"fi\",\"potentialAction\":[{\"@type\":\"ReadAction\",\"target\":[\"https:\/\/tophsoe25.okuserveri.com\/?page_id=129\"]}]},{\"@type\":\"ImageObject\",\"inLanguage\":\"fi\",\"@id\":\"https:\/\/tophsoe25.okuserveri.com\/?page_id=129#primaryimage\",\"url\":\"https:\/\/tophsoe25.okuserveri.com\/wp-content\/uploads\/elementor\/thumbs\/tervo_logo-scaled-rdmh4tthxssodg2nlmrpjzv1hp33y4bp4ukq8rgl3w.png\",\"contentUrl\":\"https:\/\/tophsoe25.okuserveri.com\/wp-content\/uploads\/elementor\/thumbs\/tervo_logo-scaled-rdmh4tthxssodg2nlmrpjzv1hp33y4bp4ukq8rgl3w.png\"},{\"@type\":\"BreadcrumbList\",\"@id\":\"https:\/\/tophsoe25.okuserveri.com\/?page_id=129#breadcrumb\",\"itemListElement\":[{\"@type\":\"ListItem\",\"position\":1,\"name\":\"Etusivu\",\"item\":\"https:\/\/tophsoe25.okuserveri.com\/\"},{\"@type\":\"ListItem\",\"position\":2,\"name\":\"Tervo\"}]},{\"@type\":\"WebSite\",\"@id\":\"https:\/\/tophsoe25.okuserveri.com\/#website\",\"url\":\"https:\/\/tophsoe25.okuserveri.com\/\",\"name\":\"\",\"description\":\"\",\"potentialAction\":[{\"@type\":\"SearchAction\",\"target\":{\"@type\":\"EntryPoint\",\"urlTemplate\":\"https:\/\/tophsoe25.okuserveri.com\/?s={search_term_string}\"},\"query-input\":{\"@type\":\"PropertyValueSpecification\",\"valueRequired\":true,\"valueName\":\"search_term_string\"}}],\"inLanguage\":\"fi\"}]}<\/script>\n<!-- \/ Yoast SEO plugin. -->","yoast_head_json":{"title":"Karelnet valokuituverkko Tervoon - varaa yhteys jo t\u00e4n\u00e4\u00e4n","description":"Tilaa Karelnet valokuituverkko Tervoon. Nauti nopeasta ja vakaasta netist\u00e4 edullisesti \u2013 varaa oma yhteytesi jo t\u00e4n\u00e4\u00e4n!","robots":{"index":"index","follow":"follow","max-snippet":"max-snippet:-1","max-image-preview":"max-image-preview:large","max-video-preview":"max-video-preview:-1"},"canonical":"https:\/\/tophsoe25.okuserveri.com\/?page_id=129","og_locale":"fi_FI","og_type":"article","og_title":"Karelnet valokuituverkko Tervoon - varaa yhteys jo t\u00e4n\u00e4\u00e4n","og_description":"Tilaa Karelnet valokuituverkko Tervoon. Nauti nopeasta ja vakaasta netist\u00e4 edullisesti \u2013 varaa oma yhteytesi jo t\u00e4n\u00e4\u00e4n!","og_url":"https:\/\/tophsoe25.okuserveri.com\/?page_id=129","article_modified_time":"2025-11-06T11:45:17+00:00","og_image":[{"url":"https:\/\/tophsoe25.okuserveri.com\/wp-content\/uploads\/elementor\/thumbs\/tervo_logo-scaled-rdmh4tthxssodg2nlmrpjzv1hp33y4bp4ukq8rgl3w.png","type":"","width":"","height":""}],"twitter_card":"summary_large_image","twitter_misc":{"Arvioitu lukuaika":"1 minuutti"},"schema":{"@context":"https:\/\/schema.org","@graph":[{"@type":"WebPage","@id":"https:\/\/tophsoe25.okuserveri.com\/?page_id=129","url":"https:\/\/tophsoe25.okuserveri.com\/?page_id=129","name":"Karelnet valokuituverkko Tervoon - varaa yhteys jo t\u00e4n\u00e4\u00e4n","isPartOf":{"@id":"https:\/\/tophsoe25.okuserveri.com\/#website"},"primaryImageOfPage":{"@id":"https:\/\/tophsoe25.okuserveri.com\/?page_id=129#primaryimage"},"image":{"@id":"https:\/\/tophsoe25.okuserveri.com\/?page_id=129#primaryimage"},"thumbnailUrl":"https:\/\/tophsoe25.okuserveri.com\/wp-content\/uploads\/elementor\/thumbs\/tervo_logo-scaled-rdmh4tthxssodg2nlmrpjzv1hp33y4bp4ukq8rgl3w.png","datePublished":"2025-10-22T07:38:54+00:00","dateModified":"2025-11-06T11:45:17+00:00","description":"Tilaa Karelnet valokuituverkko Tervoon. Nauti nopeasta ja vakaasta netist\u00e4 edullisesti \u2013 varaa oma yhteytesi jo t\u00e4n\u00e4\u00e4n!","breadcrumb":{"@id":"https:\/\/tophsoe25.okuserveri.com\/?page_id=129#breadcrumb"},"inLanguage":"fi","potentialAction":[{"@type":"ReadAction","target":["https:\/\/tophsoe25.okuserveri.com\/?page_id=129"]}]},{"@type":"ImageObject","inLanguage":"fi","@id":"https:\/\/tophsoe25.okuserveri.com\/?page_id=129#primaryimage","url":"https:\/\/tophsoe25.okuserveri.com\/wp-content\/uploads\/elementor\/thumbs\/tervo_logo-scaled-rdmh4tthxssodg2nlmrpjzv1hp33y4bp4ukq8rgl3w.png","contentUrl":"https:\/\/tophsoe25.okuserveri.com\/wp-content\/uploads\/elementor\/thumbs\/tervo_logo-scaled-rdmh4tthxssodg2nlmrpjzv1hp33y4bp4ukq8rgl3w.png"},{"@type":"BreadcrumbList","@id":"https:\/\/tophsoe25.okuserveri.com\/?page_id=129#breadcrumb","itemListElement":[{"@type":"ListItem","position":1,"name":"Etusivu","item":"https:\/\/tophsoe25.okuserveri.com\/"},{"@type":"ListItem","position":2,"name":"Tervo"}]},{"@type":"WebSite","@id":"https:\/\/tophsoe25.okuserveri.com\/#website","url":"https:\/\/tophsoe25.okuserveri.com\/","name":"","description":"","potentialAction":[{"@type":"SearchAction","target":{"@type":"EntryPoint","urlTemplate":"https:\/\/tophsoe25.okuserveri.com\/?s={search_term_string}"},"query-input":{"@type":"PropertyValueSpecification","valueRequired":true,"valueName":"search_term_string"}}],"inLanguage":"fi"}]}},"_links":{"self":[{"href":"https:\/\/tophsoe25.okuserveri.com\/index.php?rest_route=\/wp\/v2\/pages\/129","targetHints":{"allow":["GET"]}}],"collection":[{"href":"https:\/\/tophsoe25.okuserveri.com\/index.php?rest_route=\/wp\/v2\/pages"}],"about":[{"href":"https:\/\/tophsoe25.okuserveri.com\/index.php?rest_route=\/wp\/v2\/types\/page"}],"author":[{"embeddable":true,"href":"https:\/\/tophsoe25.okuserveri.com\/index.php?rest_route=\/wp\/v2\/users\/2"}],"replies":[{"embeddable":true,"href":"https:\/\/tophsoe25.okuserveri.com\/index.php?rest_route=%2Fwp%2Fv2%2Fcomments&post=129"}],"version-history":[{"count":5,"href":"https:\/\/tophsoe25.okuserveri.com\/index.php?rest_route=\/wp\/v2\/pages\/129\/revisions"}],"predecessor-version":[{"id":1041,"href":"https:\/\/tophsoe25.okuserveri.com\/index.php?rest_route=\/wp\/v2\/pages\/129\/revisions\/1041"}],"wp:attachment":[{"href":"https:\/\/tophsoe25.okuserveri.com\/index.php?rest_route=%2Fwp%2Fv2%2Fmedia&parent=129"}],"curies":[{"name":"wp","href":"https:\/\/api.w.org\/{rel}","templated":true}]}}