{"id":116,"date":"2025-10-22T07:36:15","date_gmt":"2025-10-22T07:36:15","guid":{"rendered":"https:\/\/tophsoe25.okuserveri.com\/?page_id=116"},"modified":"2025-11-06T11:37:16","modified_gmt":"2025-11-06T11:37:16","slug":"outokumpu","status":"publish","type":"page","link":"https:\/\/tophsoe25.okuserveri.com\/?page_id=116","title":{"rendered":"Outokumpu"},"content":{"rendered":"\t\t<div data-elementor-type=\"wp-page\" data-elementor-id=\"116\" class=\"elementor elementor-116\">\n\t\t\t\t<div class=\"elementor-element elementor-element-210ca3e5 e-flex e-con-boxed e-con e-parent\" data-id=\"210ca3e5\" data-element_type=\"container\" data-settings=\"{&quot;background_background&quot;:&quot;classic&quot;}\">\n\t\t\t\t\t<div class=\"e-con-inner\">\n\t\t<div class=\"elementor-element elementor-element-21f19cb2 e-con-full e-flex e-con e-child\" data-id=\"21f19cb2\" data-element_type=\"container\" data-settings=\"{&quot;background_background&quot;:&quot;slideshow&quot;,&quot;background_slideshow_gallery&quot;:[{&quot;id&quot;:95,&quot;url&quot;:&quot;https:\\\/\\\/tophsoe25.okuserveri.com\\\/wp-content\\\/uploads\\\/2025\\\/10\\\/Kaivoskuva.jpeg&quot;}],&quot;background_slideshow_loop&quot;:&quot;yes&quot;,&quot;background_slideshow_slide_duration&quot;:5000,&quot;background_slideshow_slide_transition&quot;:&quot;fade&quot;,&quot;background_slideshow_transition_duration&quot;:500}\">\n\t\t<div class=\"elementor-element elementor-element-424a80a9 e-con-full e-flex e-con e-child\" data-id=\"424a80a9\" data-element_type=\"container\" data-settings=\"{&quot;background_background&quot;:&quot;classic&quot;}\">\n\t\t\t\t<div class=\"elementor-element elementor-element-5d3f5c6a elementor-widget elementor-widget-heading\" data-id=\"5d3f5c6a\" data-element_type=\"widget\" data-widget_type=\"heading.default\">\n\t\t\t\t\t<h2 class=\"elementor-heading-title elementor-size-default\">Rakennamme valokuituverkon Outokumpuun!<\/h2>\t\t\t\t<\/div>\n\t\t\t\t<\/div>\n\t\t\t\t<div class=\"elementor-element elementor-element-2a576bae elementor-align-center elementor-widget elementor-widget-button\" data-id=\"2a576bae\" data-element_type=\"widget\" data-widget_type=\"button.default\">\n\t\t\t\t\t\t\t\t\t\t<a class=\"elementor-button elementor-button-link elementor-size-sm\" href=\"https:\/\/tophsoe25.okuserveri.com\/?page_id=21\">\n\t\t\t\t\t\t<span class=\"elementor-button-content-wrapper\">\n\t\t\t\t\t\t\t\t\t<span class=\"elementor-button-text\">Varaa valokuitu<\/span>\n\t\t\t\t\t<\/span>\n\t\t\t\t\t<\/a>\n\t\t\t\t\t\t\t\t<\/div>\n\t\t\t\t<\/div>\n\t\t\t\t\t<\/div>\n\t\t\t\t<\/div>\n\t\t<div class=\"elementor-element elementor-element-8194ce5 e-flex e-con-boxed e-con e-parent\" data-id=\"8194ce5\" data-element_type=\"container\">\n\t\t\t\t\t<div class=\"e-con-inner\">\n\t\t\t\t<div class=\"elementor-element elementor-element-fd4ad18 elementor-widget elementor-widget-heading\" data-id=\"fd4ad18\" data-element_type=\"widget\" data-widget_type=\"heading.default\">\n\t\t\t\t\t<h2 class=\"elementor-heading-title elementor-size-default\">Rakennusty\u00f6t loppusuoralla!<\/h2>\t\t\t\t<\/div>\n\t\t\t\t<div class=\"elementor-element elementor-element-9bd388e elementor-widget elementor-widget-text-editor\" data-id=\"9bd388e\" data-element_type=\"widget\" data-widget_type=\"text-editor.default\">\n\t\t\t\t\t\t\t\t\t<p data-start=\"103\" data-end=\"449\">Maanrakennusty\u00f6t Outokummussa ovat nyt <strong data-start=\"142\" data-end=\"159\">90 % valmiina<\/strong>. Samalla my\u00f6s kuituhitsaukset ja puhallukset etenev\u00e4t, ja osalla asiakkaista valokuituyhteys sek\u00e4 Karelnet Koti-KTV ovat jo k\u00e4yt\u00f6ss\u00e4.<br data-start=\"301\" data-end=\"304\" \/>Uusia liittymi\u00e4 otetaan k\u00e4ytt\u00f6\u00f6n p\u00e4ivitt\u00e4in, joten seuraathan <strong data-start=\"370\" data-end=\"390\">tekstiviestej\u00e4si<\/strong> \u2013 saat viestin, kun juuri sinun liittym\u00e4si on aktivoitu.<\/p><p data-start=\"451\" data-end=\"631\">Muutamia sis\u00e4asennuksia on viel\u00e4 tekem\u00e4tt\u00e4. Asentajamme ottavat yhteytt\u00e4 puhelimitse sopiakseen asennusajankohdasta. Jos puheluun ei vastata, he l\u00e4hett\u00e4v\u00e4t <strong data-start=\"611\" data-end=\"628\">tekstiviestin<\/strong>.<\/p><p data-start=\"633\" data-end=\"760\"><strong data-start=\"636\" data-end=\"645\">Huom!<\/strong> Laita p\u00e4\u00e4telaite verkkovirtaan <strong data-start=\"677\" data-end=\"693\">vasta sitten<\/strong>, kun saat tekstiviestill\u00e4 ilmoituksen liittym\u00e4si k\u00e4ytt\u00f6\u00f6notosta.<\/p><p data-start=\"762\" data-end=\"971\">Karelnetin valokuitua asentavat <strong data-start=\"800\" data-end=\"813\">Enerken<\/strong> ty\u00f6ntekij\u00e4t. Heid\u00e4t tunnistaa Enerken-logoilla varustetuista autoista ja ty\u00f6vaatteista, ja heilt\u00e4 voi tarvittaessa pyyt\u00e4\u00e4 henkil\u00f6kortin n\u00e4ht\u00e4v\u00e4ksi.<\/p><p data-start=\"973\" data-end=\"1251\"><strong data-start=\"976\" data-end=\"1014\">Viimeinen hetki hy\u00f6dynt\u00e4\u00e4 tarjous!<\/strong><br data-start=\"1014\" data-end=\"1017\" \/>Nyt on viimeinen mahdollisuus tilata liittym\u00e4 <strong data-start=\"1063\" data-end=\"1086\">tarjoushintaan 99 \u20ac<\/strong> niille alueille, joissa rakentaminen ei ole viel\u00e4 alkanut.<br data-start=\"1145\" data-end=\"1148\" \/>Niill\u00e4 alueilla, joissa rakennusty\u00f6t on jo tehty, liittym\u00e4n voi edelleen tilata <strong data-start=\"1228\" data-end=\"1248\">j\u00e4lkiasennuksena<\/strong>.<\/p><p data-start=\"1253\" data-end=\"1470\">Lopuksi suuri kiitos Outokummun asukkaille!<br data-start=\"1300\" data-end=\"1303\" \/>Karelnetin ja urakoitsijoiden puolesta haluamme kiitt\u00e4\u00e4 erinomaisesta yhteisty\u00f6st\u00e4 \u2013 kaivuuty\u00f6t ja koko rakentaminen ovat sujuneet hienossa hengess\u00e4 ja yhteisty\u00f6ll\u00e4.<\/p>\t\t\t\t\t\t\t\t<\/div>\n\t\t\t\t<div class=\"elementor-element elementor-element-af82a79 elementor-widget elementor-widget-text-editor\" data-id=\"af82a79\" data-element_type=\"widget\" data-widget_type=\"text-editor.default\">\n\t\t\t\t\t\t\t\t\t<p>Omakotitaloissa Koti-KTV sis\u00e4ltyy Ohituskaista-tilaukseen.<\/p>\t\t\t\t\t\t\t\t<\/div>\n\t\t\t\t\t<\/div>\n\t\t\t\t<\/div>\n\t\t<div class=\"elementor-element elementor-element-f0c22b1 e-flex e-con-boxed e-con e-parent\" data-id=\"f0c22b1\" data-element_type=\"container\">\n\t\t\t\t\t<div class=\"e-con-inner\">\n\t\t\t\t<div class=\"elementor-element elementor-element-2f8c7c8 elementor-widget elementor-widget-heading\" data-id=\"2f8c7c8\" data-element_type=\"widget\" data-widget_type=\"heading.default\">\n\t\t\t\t\t<h2 class=\"elementor-heading-title elementor-size-default\">Kysy lis\u00e4\u00e4!<\/h2>\t\t\t\t<\/div>\n\t\t\t\t<div class=\"elementor-element elementor-element-5330ee6 elementor-widget elementor-widget-text-editor\" data-id=\"5330ee6\" data-element_type=\"widget\" data-widget_type=\"text-editor.default\">\n\t\t\t\t\t\t\t\t\t<p>Marjo Piironen<\/p><p>puh. 040 508 3959<\/p><p>marjo.piironen@karelnet.fi<\/p>\t\t\t\t\t\t\t\t<\/div>\n\t\t\t\t\t<\/div>\n\t\t\t\t<\/div>\n\t\t<div class=\"elementor-element elementor-element-b047310 e-flex e-con-boxed e-con e-parent\" data-id=\"b047310\" data-element_type=\"container\">\n\t\t\t\t\t<div class=\"e-con-inner\">\n\t\t<div class=\"elementor-element elementor-element-1d2fa12 e-grid e-con-full e-con e-child\" data-id=\"1d2fa12\" data-element_type=\"container\">\n\t\t\t\t<div class=\"elementor-element elementor-element-43d0d56 elementor-widget elementor-widget-image\" data-id=\"43d0d56\" data-element_type=\"widget\" data-widget_type=\"image.default\">\n\t\t\t\t\t\t\t\t\t\t\t\t\t\t\t<img fetchpriority=\"high\" decoding=\"async\" width=\"1024\" height=\"269\" src=\"https:\/\/tophsoe25.okuserveri.com\/wp-content\/uploads\/2025\/10\/eu_logo-1024x269.png\" class=\"attachment-large size-large wp-image-296\" alt=\"\" srcset=\"https:\/\/tophsoe25.okuserveri.com\/wp-content\/uploads\/2025\/10\/eu_logo-1024x269.png 1024w, https:\/\/tophsoe25.okuserveri.com\/wp-content\/uploads\/2025\/10\/eu_logo-300x79.png 300w, https:\/\/tophsoe25.okuserveri.com\/wp-content\/uploads\/2025\/10\/eu_logo-768x202.png 768w, https:\/\/tophsoe25.okuserveri.com\/wp-content\/uploads\/2025\/10\/eu_logo.png 1330w\" sizes=\"(max-width: 1024px) 100vw, 1024px\" \/>\t\t\t\t\t\t\t\t\t\t\t\t\t\t\t<\/div>\n\t\t\t\t<div class=\"elementor-element elementor-element-73e0d90 elementor-widget elementor-widget-image\" data-id=\"73e0d90\" data-element_type=\"widget\" data-widget_type=\"image.default\">\n\t\t\t\t\t\t\t\t\t\t\t\t\t\t\t<img decoding=\"async\" src=\"https:\/\/tophsoe25.okuserveri.com\/wp-content\/uploads\/elementor\/thumbs\/outokumpu_logo-rdmhtak7zs54ajnfyivj3yxficb3hlkkhypirbsapw.jpg\" title=\"outokumpu_logo\" alt=\"outokumpu_logo\" loading=\"lazy\" \/>\t\t\t\t\t\t\t\t\t\t\t\t\t\t\t<\/div>\n\t\t\t\t<\/div>\n\t\t\t\t\t<\/div>\n\t\t\t\t<\/div>\n\t\t<div class=\"elementor-element elementor-element-20928f99 e-flex e-con-boxed e-con e-parent\" data-id=\"20928f99\" data-element_type=\"container\" data-settings=\"{&quot;background_background&quot;:&quot;gradient&quot;}\">\n\t\t\t\t\t<div class=\"e-con-inner\">\n\t\t<div class=\"elementor-element elementor-element-63e01c88 e-con-full e-flex e-con e-child\" data-id=\"63e01c88\" data-element_type=\"container\">\n\t\t\t\t<div class=\"elementor-element elementor-element-22655692 elementor-widget elementor-widget-heading\" data-id=\"22655692\" data-element_type=\"widget\" data-widget_type=\"heading.default\">\n\t\t\t\t\t<h2 class=\"elementor-heading-title elementor-size-default\">Ota yhteytt\u00e4<\/h2>\t\t\t\t<\/div>\n\t\t\t\t<\/div>\n\t\t<div class=\"elementor-element elementor-element-1192e096 e-con-full e-flex e-con e-child\" data-id=\"1192e096\" data-element_type=\"container\">\n\t\t\t\t<div class=\"elementor-element elementor-element-7f7b2a22 elementor-widget elementor-widget-text-editor\" data-id=\"7f7b2a22\" data-element_type=\"widget\" data-widget_type=\"text-editor.default\">\n\t\t\t\t\t\t\t\t\t<div class=\"hfg-slot left\"><div class=\"builder-item desktop-left tablet-left mobile-left\"><div class=\"item--inner builder-item--footer-one-widgets\" data-section=\"neve_sidebar-widgets-footer-one-widgets\" data-item-id=\"footer-one-widgets\"><div class=\"widget-area\"><div id=\"block-20\" class=\"widget widget_block widget_text\"><div class=\"builder-item desktop-left tablet-left mobile-left\"><div class=\"item--inner builder-item--footer-two-widgets\" data-section=\"neve_sidebar-widgets-footer-two-widgets\" data-item-id=\"footer-two-widgets\"><div class=\"widget-area\"><div id=\"block-22\" class=\"widget widget_block widget_text\"><p>S\u00e4hk\u00f6posti: <a href=\"mailto:info@karelnet.fi\">info@karelnet.fi<\/a><\/p><div class=\"hfg-slot c-left\"><div class=\"builder-item desktop-left tablet-left mobile-left\"><div class=\"item--inner builder-item--footer-two-widgets\" data-section=\"neve_sidebar-widgets-footer-two-widgets\" data-item-id=\"footer-two-widgets\"><div class=\"widget-area\"><div id=\"block-22\" class=\"widget widget_block widget_text\"><p>Puhelin: <a>040 508 3959 <\/a><\/p><p>Kummunkatu 13 A, 83500 Outokumpu<\/p><p>Karelnet Oy Y-tunnus: 3249411-3<\/p><\/div><\/div><\/div><\/div><\/div><\/div><\/div><\/div><\/div><\/div><\/div><\/div><\/div><\/div>\t\t\t\t\t\t\t\t<\/div>\n\t\t<div class=\"elementor-element elementor-element-55877301 e-con-full e-flex e-con e-child\" data-id=\"55877301\" data-element_type=\"container\">\n\t\t\t\t<div class=\"elementor-element elementor-element-14c9eb50 elementor-shape-rounded elementor-grid-0 e-grid-align-center elementor-widget elementor-widget-social-icons\" data-id=\"14c9eb50\" data-element_type=\"widget\" data-widget_type=\"social-icons.default\">\n\t\t\t\t\t\t\t<div class=\"elementor-social-icons-wrapper elementor-grid\">\n\t\t\t\t\t\t\t<span class=\"elementor-grid-item\">\n\t\t\t\t\t<a class=\"elementor-icon elementor-social-icon elementor-social-icon-facebook elementor-repeater-item-33d14a8\" href=\"https:\/\/www.facebook.com\/karelnet.fi\/?locale=fi_FI\" target=\"_blank\">\n\t\t\t\t\t\t<span class=\"elementor-screen-only\">Facebook<\/span>\n\t\t\t\t\t\t<svg aria-hidden=\"true\" class=\"e-font-icon-svg e-fab-facebook\" viewBox=\"0 0 512 512\" xmlns=\"http:\/\/www.w3.org\/2000\/svg\"><path d=\"M504 256C504 119 393 8 256 8S8 119 8 256c0 123.78 90.69 226.38 209.25 245V327.69h-63V256h63v-54.64c0-62.15 37-96.48 93.67-96.48 27.14 0 55.52 4.84 55.52 4.84v61h-31.28c-30.8 0-40.41 19.12-40.41 38.73V256h68.78l-11 71.69h-57.78V501C413.31 482.38 504 379.78 504 256z\"><\/path><\/svg>\t\t\t\t\t<\/a>\n\t\t\t\t<\/span>\n\t\t\t\t\t<\/div>\n\t\t\t\t\t\t<\/div>\n\t\t\t\t<\/div>\n\t\t\t\t<\/div>\n\t\t\t\t\t<\/div>\n\t\t\t\t<\/div>\n\t\t\t\t<\/div>\n\t\t","protected":false},"excerpt":{"rendered":"<p>Rakennamme valokuituverkon Outokumpuun! Varaa valokuitu Rakennusty\u00f6t loppusuoralla! Maanrakennusty\u00f6t Outokummussa ovat nyt 90 % valmiina. Samalla my\u00f6s kuituhitsaukset ja puhallukset etenev\u00e4t, [&hellip;]<\/p>\n","protected":false},"author":2,"featured_media":0,"parent":0,"menu_order":0,"comment_status":"closed","ping_status":"closed","template":"","meta":{"site-sidebar-layout":"no-sidebar","site-content-layout":"","ast-site-content-layout":"full-width-container","site-content-style":"default","site-sidebar-style":"default","ast-global-header-display":"","ast-banner-title-visibility":"","ast-main-header-display":"","ast-hfb-above-header-display":"","ast-hfb-below-header-display":"","ast-hfb-mobile-header-display":"","site-post-title":"disabled","ast-breadcrumbs-content":"","ast-featured-img":"disabled","footer-sml-layout":"","theme-transparent-header-meta":"","adv-header-id-meta":"","stick-header-meta":"","header-above-stick-meta":"","header-main-stick-meta":"","header-below-stick-meta":"","astra-migrate-meta-layouts":"default","ast-page-background-enabled":"default","ast-page-background-meta":{"desktop":{"background-color":"var(--ast-global-color-5)","background-image":"","background-repeat":"repeat","background-position":"center center","background-size":"auto","background-attachment":"scroll","background-type":"","background-media":"","overlay-type":"","overlay-color":"","overlay-opacity":"","overlay-gradient":""},"tablet":{"background-color":"","background-image":"","background-repeat":"repeat","background-position":"center center","background-size":"auto","background-attachment":"scroll","background-type":"","background-media":"","overlay-type":"","overlay-color":"","overlay-opacity":"","overlay-gradient":""},"mobile":{"background-color":"","background-image":"","background-repeat":"repeat","background-position":"center center","background-size":"auto","background-attachment":"scroll","background-type":"","background-media":"","overlay-type":"","overlay-color":"","overlay-opacity":"","overlay-gradient":""}},"ast-content-background-meta":{"desktop":{"background-color":"var(--ast-global-color-4)","background-image":"","background-repeat":"repeat","background-position":"center center","background-size":"auto","background-attachment":"scroll","background-type":"","background-media":"","overlay-type":"","overlay-color":"","overlay-opacity":"","overlay-gradient":""},"tablet":{"background-color":"var(--ast-global-color-4)","background-image":"","background-repeat":"repeat","background-position":"center center","background-size":"auto","background-attachment":"scroll","background-type":"","background-media":"","overlay-type":"","overlay-color":"","overlay-opacity":"","overlay-gradient":""},"mobile":{"background-color":"var(--ast-global-color-4)","background-image":"","background-repeat":"repeat","background-position":"center center","background-size":"auto","background-attachment":"scroll","background-type":"","background-media":"","overlay-type":"","overlay-color":"","overlay-opacity":"","overlay-gradient":""}},"footnotes":""},"class_list":["post-116","page","type-page","status-publish","hentry"],"yoast_head":"<!-- This site is optimized with the Yoast SEO plugin v26.3 - https:\/\/yoast.com\/wordpress\/plugins\/seo\/ -->\n<title>Karelnet valokuituverkko Outokumpuun - varaa yhteys jo t\u00e4n\u00e4\u00e4n<\/title>\n<meta name=\"description\" content=\"Tilaa Karelnet valokuituverkko Outokumpuun. Nauti nopeasta ja vakaasta netist\u00e4 edullisesti \u2013 varaa oma yhteytesi jo t\u00e4n\u00e4\u00e4n!\" \/>\n<meta name=\"robots\" content=\"index, follow, max-snippet:-1, max-image-preview:large, max-video-preview:-1\" \/>\n<link rel=\"canonical\" href=\"https:\/\/tophsoe25.okuserveri.com\/?page_id=116\" \/>\n<meta property=\"og:locale\" content=\"fi_FI\" \/>\n<meta property=\"og:type\" content=\"article\" \/>\n<meta property=\"og:title\" content=\"Karelnet valokuituverkko Outokumpuun - varaa yhteys jo t\u00e4n\u00e4\u00e4n\" \/>\n<meta property=\"og:description\" content=\"Tilaa Karelnet valokuituverkko Outokumpuun. Nauti nopeasta ja vakaasta netist\u00e4 edullisesti \u2013 varaa oma yhteytesi jo t\u00e4n\u00e4\u00e4n!\" \/>\n<meta property=\"og:url\" content=\"https:\/\/tophsoe25.okuserveri.com\/?page_id=116\" \/>\n<meta property=\"article:modified_time\" content=\"2025-11-06T11:37:16+00:00\" \/>\n<meta property=\"og:image\" content=\"https:\/\/tophsoe25.okuserveri.com\/wp-content\/uploads\/2025\/10\/eu_logo.png\" \/>\n\t<meta property=\"og:image:width\" content=\"1330\" \/>\n\t<meta property=\"og:image:height\" content=\"350\" \/>\n\t<meta property=\"og:image:type\" content=\"image\/png\" \/>\n<meta name=\"twitter:card\" content=\"summary_large_image\" \/>\n<meta name=\"twitter:label1\" content=\"Arvioitu lukuaika\" \/>\n\t<meta name=\"twitter:data1\" content=\"2 minuuttia\" \/>\n<script type=\"application\/ld+json\" class=\"yoast-schema-graph\">{\"@context\":\"https:\/\/schema.org\",\"@graph\":[{\"@type\":\"WebPage\",\"@id\":\"https:\/\/tophsoe25.okuserveri.com\/?page_id=116\",\"url\":\"https:\/\/tophsoe25.okuserveri.com\/?page_id=116\",\"name\":\"Karelnet valokuituverkko Outokumpuun - varaa yhteys jo t\u00e4n\u00e4\u00e4n\",\"isPartOf\":{\"@id\":\"https:\/\/tophsoe25.okuserveri.com\/#website\"},\"primaryImageOfPage\":{\"@id\":\"https:\/\/tophsoe25.okuserveri.com\/?page_id=116#primaryimage\"},\"image\":{\"@id\":\"https:\/\/tophsoe25.okuserveri.com\/?page_id=116#primaryimage\"},\"thumbnailUrl\":\"https:\/\/tophsoe25.okuserveri.com\/wp-content\/uploads\/2025\/10\/eu_logo-1024x269.png\",\"datePublished\":\"2025-10-22T07:36:15+00:00\",\"dateModified\":\"2025-11-06T11:37:16+00:00\",\"description\":\"Tilaa Karelnet valokuituverkko Outokumpuun. Nauti nopeasta ja vakaasta netist\u00e4 edullisesti \u2013 varaa oma yhteytesi jo t\u00e4n\u00e4\u00e4n!\",\"breadcrumb\":{\"@id\":\"https:\/\/tophsoe25.okuserveri.com\/?page_id=116#breadcrumb\"},\"inLanguage\":\"fi\",\"potentialAction\":[{\"@type\":\"ReadAction\",\"target\":[\"https:\/\/tophsoe25.okuserveri.com\/?page_id=116\"]}]},{\"@type\":\"ImageObject\",\"inLanguage\":\"fi\",\"@id\":\"https:\/\/tophsoe25.okuserveri.com\/?page_id=116#primaryimage\",\"url\":\"https:\/\/tophsoe25.okuserveri.com\/wp-content\/uploads\/2025\/10\/eu_logo.png\",\"contentUrl\":\"https:\/\/tophsoe25.okuserveri.com\/wp-content\/uploads\/2025\/10\/eu_logo.png\",\"width\":1330,\"height\":350},{\"@type\":\"BreadcrumbList\",\"@id\":\"https:\/\/tophsoe25.okuserveri.com\/?page_id=116#breadcrumb\",\"itemListElement\":[{\"@type\":\"ListItem\",\"position\":1,\"name\":\"Etusivu\",\"item\":\"https:\/\/tophsoe25.okuserveri.com\/\"},{\"@type\":\"ListItem\",\"position\":2,\"name\":\"Outokumpu\"}]},{\"@type\":\"WebSite\",\"@id\":\"https:\/\/tophsoe25.okuserveri.com\/#website\",\"url\":\"https:\/\/tophsoe25.okuserveri.com\/\",\"name\":\"\",\"description\":\"\",\"potentialAction\":[{\"@type\":\"SearchAction\",\"target\":{\"@type\":\"EntryPoint\",\"urlTemplate\":\"https:\/\/tophsoe25.okuserveri.com\/?s={search_term_string}\"},\"query-input\":{\"@type\":\"PropertyValueSpecification\",\"valueRequired\":true,\"valueName\":\"search_term_string\"}}],\"inLanguage\":\"fi\"}]}<\/script>\n<!-- \/ Yoast SEO plugin. -->","yoast_head_json":{"title":"Karelnet valokuituverkko Outokumpuun - varaa yhteys jo t\u00e4n\u00e4\u00e4n","description":"Tilaa Karelnet valokuituverkko Outokumpuun. Nauti nopeasta ja vakaasta netist\u00e4 edullisesti \u2013 varaa oma yhteytesi jo t\u00e4n\u00e4\u00e4n!","robots":{"index":"index","follow":"follow","max-snippet":"max-snippet:-1","max-image-preview":"max-image-preview:large","max-video-preview":"max-video-preview:-1"},"canonical":"https:\/\/tophsoe25.okuserveri.com\/?page_id=116","og_locale":"fi_FI","og_type":"article","og_title":"Karelnet valokuituverkko Outokumpuun - varaa yhteys jo t\u00e4n\u00e4\u00e4n","og_description":"Tilaa Karelnet valokuituverkko Outokumpuun. Nauti nopeasta ja vakaasta netist\u00e4 edullisesti \u2013 varaa oma yhteytesi jo t\u00e4n\u00e4\u00e4n!","og_url":"https:\/\/tophsoe25.okuserveri.com\/?page_id=116","article_modified_time":"2025-11-06T11:37:16+00:00","og_image":[{"width":1330,"height":350,"url":"https:\/\/tophsoe25.okuserveri.com\/wp-content\/uploads\/2025\/10\/eu_logo.png","type":"image\/png"}],"twitter_card":"summary_large_image","twitter_misc":{"Arvioitu lukuaika":"2 minuuttia"},"schema":{"@context":"https:\/\/schema.org","@graph":[{"@type":"WebPage","@id":"https:\/\/tophsoe25.okuserveri.com\/?page_id=116","url":"https:\/\/tophsoe25.okuserveri.com\/?page_id=116","name":"Karelnet valokuituverkko Outokumpuun - varaa yhteys jo t\u00e4n\u00e4\u00e4n","isPartOf":{"@id":"https:\/\/tophsoe25.okuserveri.com\/#website"},"primaryImageOfPage":{"@id":"https:\/\/tophsoe25.okuserveri.com\/?page_id=116#primaryimage"},"image":{"@id":"https:\/\/tophsoe25.okuserveri.com\/?page_id=116#primaryimage"},"thumbnailUrl":"https:\/\/tophsoe25.okuserveri.com\/wp-content\/uploads\/2025\/10\/eu_logo-1024x269.png","datePublished":"2025-10-22T07:36:15+00:00","dateModified":"2025-11-06T11:37:16+00:00","description":"Tilaa Karelnet valokuituverkko Outokumpuun. Nauti nopeasta ja vakaasta netist\u00e4 edullisesti \u2013 varaa oma yhteytesi jo t\u00e4n\u00e4\u00e4n!","breadcrumb":{"@id":"https:\/\/tophsoe25.okuserveri.com\/?page_id=116#breadcrumb"},"inLanguage":"fi","potentialAction":[{"@type":"ReadAction","target":["https:\/\/tophsoe25.okuserveri.com\/?page_id=116"]}]},{"@type":"ImageObject","inLanguage":"fi","@id":"https:\/\/tophsoe25.okuserveri.com\/?page_id=116#primaryimage","url":"https:\/\/tophsoe25.okuserveri.com\/wp-content\/uploads\/2025\/10\/eu_logo.png","contentUrl":"https:\/\/tophsoe25.okuserveri.com\/wp-content\/uploads\/2025\/10\/eu_logo.png","width":1330,"height":350},{"@type":"BreadcrumbList","@id":"https:\/\/tophsoe25.okuserveri.com\/?page_id=116#breadcrumb","itemListElement":[{"@type":"ListItem","position":1,"name":"Etusivu","item":"https:\/\/tophsoe25.okuserveri.com\/"},{"@type":"ListItem","position":2,"name":"Outokumpu"}]},{"@type":"WebSite","@id":"https:\/\/tophsoe25.okuserveri.com\/#website","url":"https:\/\/tophsoe25.okuserveri.com\/","name":"","description":"","potentialAction":[{"@type":"SearchAction","target":{"@type":"EntryPoint","urlTemplate":"https:\/\/tophsoe25.okuserveri.com\/?s={search_term_string}"},"query-input":{"@type":"PropertyValueSpecification","valueRequired":true,"valueName":"search_term_string"}}],"inLanguage":"fi"}]}},"_links":{"self":[{"href":"https:\/\/tophsoe25.okuserveri.com\/index.php?rest_route=\/wp\/v2\/pages\/116","targetHints":{"allow":["GET"]}}],"collection":[{"href":"https:\/\/tophsoe25.okuserveri.com\/index.php?rest_route=\/wp\/v2\/pages"}],"about":[{"href":"https:\/\/tophsoe25.okuserveri.com\/index.php?rest_route=\/wp\/v2\/types\/page"}],"author":[{"embeddable":true,"href":"https:\/\/tophsoe25.okuserveri.com\/index.php?rest_route=\/wp\/v2\/users\/2"}],"replies":[{"embeddable":true,"href":"https:\/\/tophsoe25.okuserveri.com\/index.php?rest_route=%2Fwp%2Fv2%2Fcomments&post=116"}],"version-history":[{"count":5,"href":"https:\/\/tophsoe25.okuserveri.com\/index.php?rest_route=\/wp\/v2\/pages\/116\/revisions"}],"predecessor-version":[{"id":1026,"href":"https:\/\/tophsoe25.okuserveri.com\/index.php?rest_route=\/wp\/v2\/pages\/116\/revisions\/1026"}],"wp:attachment":[{"href":"https:\/\/tophsoe25.okuserveri.com\/index.php?rest_route=%2Fwp%2Fv2%2Fmedia&parent=116"}],"curies":[{"name":"wp","href":"https:\/\/api.w.org\/{rel}","templated":true}]}}