{"id":112,"date":"2025-10-22T07:34:50","date_gmt":"2025-10-22T07:34:50","guid":{"rendered":"https:\/\/tophsoe25.okuserveri.com\/?page_id=112"},"modified":"2025-11-06T11:30:52","modified_gmt":"2025-11-06T11:30:52","slug":"viitasaari","status":"publish","type":"page","link":"https:\/\/tophsoe25.okuserveri.com\/?page_id=112","title":{"rendered":"Viitasaari"},"content":{"rendered":"\t\t<div data-elementor-type=\"wp-page\" data-elementor-id=\"112\" class=\"elementor elementor-112\">\n\t\t\t\t<div class=\"elementor-element elementor-element-711aafd6 e-flex e-con-boxed e-con e-parent\" data-id=\"711aafd6\" data-element_type=\"container\" data-settings=\"{&quot;background_background&quot;:&quot;classic&quot;}\">\n\t\t\t\t\t<div class=\"e-con-inner\">\n\t\t<div class=\"elementor-element elementor-element-6f870ef1 e-flex e-con-boxed e-con e-child\" data-id=\"6f870ef1\" data-element_type=\"container\" data-settings=\"{&quot;background_background&quot;:&quot;slideshow&quot;,&quot;background_slideshow_gallery&quot;:[{&quot;id&quot;:231,&quot;url&quot;:&quot;https:\\\/\\\/tophsoe25.okuserveri.com\\\/wp-content\\\/uploads\\\/2025\\\/10\\\/viitasaarenkaupunki-kiertoliittyma.jpg&quot;}],&quot;background_slideshow_loop&quot;:&quot;yes&quot;,&quot;background_slideshow_slide_duration&quot;:5000,&quot;background_slideshow_slide_transition&quot;:&quot;fade&quot;,&quot;background_slideshow_transition_duration&quot;:500}\">\n\t\t\t\t\t<div class=\"e-con-inner\">\n\t\t<div class=\"elementor-element elementor-element-595a091b e-con-full e-flex e-con e-child\" data-id=\"595a091b\" data-element_type=\"container\" data-settings=\"{&quot;background_background&quot;:&quot;classic&quot;}\">\n\t\t\t\t<div class=\"elementor-element elementor-element-4df7619b elementor-widget elementor-widget-heading\" data-id=\"4df7619b\" data-element_type=\"widget\" data-widget_type=\"heading.default\">\n\t\t\t\t\t<h2 class=\"elementor-heading-title elementor-size-default\">\nSuunnittelemme valokuitua Viitasaarelle!\n\n<\/h2>\t\t\t\t<\/div>\n\t\t\t\t<\/div>\n\t\t\t\t<div class=\"elementor-element elementor-element-446f4a45 elementor-align-center elementor-widget elementor-widget-button\" data-id=\"446f4a45\" data-element_type=\"widget\" data-widget_type=\"button.default\">\n\t\t\t\t\t\t\t\t\t\t<a class=\"elementor-button elementor-button-link elementor-size-sm\" href=\"https:\/\/tophsoe25.okuserveri.com\/?page_id=21\">\n\t\t\t\t\t\t<span class=\"elementor-button-content-wrapper\">\n\t\t\t\t\t\t\t\t\t<span class=\"elementor-button-text\">Varaa valokuitu <\/span>\n\t\t\t\t\t<\/span>\n\t\t\t\t\t<\/a>\n\t\t\t\t\t\t\t\t<\/div>\n\t\t\t\t\t<\/div>\n\t\t\t\t<\/div>\n\t\t\t\t\t<\/div>\n\t\t\t\t<\/div>\n\t\t<div class=\"elementor-element elementor-element-6e8b81d e-flex e-con-boxed e-con e-parent\" data-id=\"6e8b81d\" data-element_type=\"container\">\n\t\t\t\t\t<div class=\"e-con-inner\">\n\t\t\t\t\t<\/div>\n\t\t\t\t<\/div>\n\t\t<div class=\"elementor-element elementor-element-07498b6 e-flex e-con-boxed e-con e-parent\" data-id=\"07498b6\" data-element_type=\"container\">\n\t\t\t\t\t<div class=\"e-con-inner\">\n\t\t\t\t<div class=\"elementor-element elementor-element-c8c19d8 elementor-widget elementor-widget-heading\" data-id=\"c8c19d8\" data-element_type=\"widget\" data-widget_type=\"heading.default\">\n\t\t\t\t\t<h2 class=\"elementor-heading-title elementor-size-default\">Hanke etenee ja uusia alueita kartoitetaan!<\/h2>\t\t\t\t<\/div>\n\t\t\t\t<div class=\"elementor-element elementor-element-e76460a elementor-widget elementor-widget-text-editor\" data-id=\"e76460a\" data-element_type=\"widget\" data-widget_type=\"text-editor.default\">\n\t\t\t\t\t\t\t\t\t<p>Viitasaaren lounaisten kylien Maaseuturahaston tuki on hyv\u00e4ksytty ja uusi tukihakemus tehtiin luoteisten kylien alueelle. My\u00f6s Viitasaaren muilla alueilla jatketaan kartoitusta ja jos tarpeeksi liittyji\u00e4 saadaan on seuraava tukihakemuksen j\u00e4tt\u00f6aika <strong>tammikuun<\/strong> <strong>2026 lopussa.<\/strong> Jokainen tilaus on t\u00e4rke\u00e4 hakkeen etenemiselle.<\/p><p>Varmista liittym\u00e4si etuk\u00e4teen <strong>tarjoushintaan 99 \u20ac.<\/strong> Hankealueella valokuitu tarjoaa h\u00e4iri\u00f6tt\u00f6m\u00e4n ja nopean nettiyhteyden niin opiskeluun, ty\u00f6skentelyyn kuin et\u00e4terveydenhuoltoonkin.<\/p>\t\t\t\t\t\t\t\t<\/div>\n\t\t\t\t\t<\/div>\n\t\t\t\t<\/div>\n\t\t<div class=\"elementor-element elementor-element-82519bb e-grid e-con-boxed e-con e-parent\" data-id=\"82519bb\" data-element_type=\"container\">\n\t\t\t\t\t<div class=\"e-con-inner\">\n\t\t<div class=\"elementor-element elementor-element-e7123dc e-con-full e-flex e-con e-child\" data-id=\"e7123dc\" data-element_type=\"container\">\n\t\t\t\t<div class=\"elementor-element elementor-element-414aa82 elementor-widget elementor-widget-heading\" data-id=\"414aa82\" data-element_type=\"widget\" data-widget_type=\"heading.default\">\n\t\t\t\t\t<h2 class=\"elementor-heading-title elementor-size-default\">Kysy lis\u00e4\u00e4!<\/h2>\t\t\t\t<\/div>\n\t\t\t\t<div class=\"elementor-element elementor-element-b377800 elementor-widget elementor-widget-text-editor\" data-id=\"b377800\" data-element_type=\"widget\" data-widget_type=\"text-editor.default\">\n\t\t\t\t\t\t\t\t\t<p>Seppo Pietil\u00e4inen<\/p><p>040 5076942<\/p><p><a href=\"mailto:seppo.pietilainen@viitasaari.fi\">seppo.pietilainen@viitasaari.fi<\/a><\/p>\t\t\t\t\t\t\t\t<\/div>\n\t\t\t\t<\/div>\n\t\t<div class=\"elementor-element elementor-element-fbe65c8 e-con-full e-flex e-con e-child\" data-id=\"fbe65c8\" data-element_type=\"container\">\n\t\t\t\t<div class=\"elementor-element elementor-element-deb16ae elementor-widget elementor-widget-text-editor\" data-id=\"deb16ae\" data-element_type=\"widget\" data-widget_type=\"text-editor.default\">\n\t\t\t\t\t\t\t\t\t<p><img fetchpriority=\"high\" decoding=\"async\" class=\"wp-image-603\" src=\"https:\/\/www.karelnet.fi\/wp-content\/uploads\/2024\/09\/polkkypaa-viitasaari-valokuitu-karelnet-270x300.png\" sizes=\"(max-width: 270px) 100vw, 270px\" srcset=\"https:\/\/www.karelnet.fi\/wp-content\/uploads\/2024\/09\/polkkypaa-viitasaari-valokuitu-karelnet-270x300.png 270w, https:\/\/www.karelnet.fi\/wp-content\/uploads\/2024\/09\/polkkypaa-viitasaari-valokuitu-karelnet.png 450w\" alt=\"\" width=\"270\" height=\"300\" \/><\/p>\t\t\t\t\t\t\t\t<\/div>\n\t\t\t\t<\/div>\n\t\t\t\t\t<\/div>\n\t\t\t\t<\/div>\n\t\t<div class=\"elementor-element elementor-element-e230311 e-flex e-con-boxed e-con e-parent\" data-id=\"e230311\" data-element_type=\"container\">\n\t\t\t\t\t<div class=\"e-con-inner\">\n\t\t\t\t\t<\/div>\n\t\t\t\t<\/div>\n\t\t<div class=\"elementor-element elementor-element-bc59c5f e-flex e-con-boxed e-con e-parent\" data-id=\"bc59c5f\" data-element_type=\"container\">\n\t\t\t\t\t<div class=\"e-con-inner\">\n\t\t<div class=\"elementor-element elementor-element-fea130a e-grid e-con-full e-con e-child\" data-id=\"fea130a\" data-element_type=\"container\">\n\t\t\t\t<div class=\"elementor-element elementor-element-48da2f1 elementor-widget elementor-widget-image\" data-id=\"48da2f1\" data-element_type=\"widget\" data-widget_type=\"image.default\">\n\t\t\t\t\t\t\t\t\t\t\t\t\t\t\t<img decoding=\"async\" width=\"768\" height=\"182\" src=\"https:\/\/tophsoe25.okuserveri.com\/wp-content\/uploads\/2025\/10\/osarahoitus_eu-768x182.png\" class=\"attachment-medium_large size-medium_large wp-image-307\" alt=\"\" srcset=\"https:\/\/tophsoe25.okuserveri.com\/wp-content\/uploads\/2025\/10\/osarahoitus_eu-768x182.png 768w, https:\/\/tophsoe25.okuserveri.com\/wp-content\/uploads\/2025\/10\/osarahoitus_eu-300x71.png 300w, https:\/\/tophsoe25.okuserveri.com\/wp-content\/uploads\/2025\/10\/osarahoitus_eu-1024x243.png 1024w, https:\/\/tophsoe25.okuserveri.com\/wp-content\/uploads\/2025\/10\/osarahoitus_eu-1536x365.png 1536w, https:\/\/tophsoe25.okuserveri.com\/wp-content\/uploads\/2025\/10\/osarahoitus_eu-2048x487.png 2048w\" sizes=\"(max-width: 768px) 100vw, 768px\" \/>\t\t\t\t\t\t\t\t\t\t\t\t\t\t\t<\/div>\n\t\t\t\t<div class=\"elementor-element elementor-element-458853b elementor-widget elementor-widget-image\" data-id=\"458853b\" data-element_type=\"widget\" data-widget_type=\"image.default\">\n\t\t\t\t\t\t\t\t\t\t\t\t\t\t\t<img decoding=\"async\" width=\"1024\" height=\"362\" src=\"https:\/\/tophsoe25.okuserveri.com\/wp-content\/uploads\/2025\/10\/Screenshot-2025-10-23-at-11-00-42-6981-Viitasaaren_kaupungin_brandiasiakirja.pdf-1024x362.png\" class=\"attachment-large size-large wp-image-298\" alt=\"\" srcset=\"https:\/\/tophsoe25.okuserveri.com\/wp-content\/uploads\/2025\/10\/Screenshot-2025-10-23-at-11-00-42-6981-Viitasaaren_kaupungin_brandiasiakirja.pdf-1024x362.png 1024w, https:\/\/tophsoe25.okuserveri.com\/wp-content\/uploads\/2025\/10\/Screenshot-2025-10-23-at-11-00-42-6981-Viitasaaren_kaupungin_brandiasiakirja.pdf-300x106.png 300w, https:\/\/tophsoe25.okuserveri.com\/wp-content\/uploads\/2025\/10\/Screenshot-2025-10-23-at-11-00-42-6981-Viitasaaren_kaupungin_brandiasiakirja.pdf-768x272.png 768w, https:\/\/tophsoe25.okuserveri.com\/wp-content\/uploads\/2025\/10\/Screenshot-2025-10-23-at-11-00-42-6981-Viitasaaren_kaupungin_brandiasiakirja.pdf.png 1106w\" sizes=\"(max-width: 1024px) 100vw, 1024px\" \/>\t\t\t\t\t\t\t\t\t\t\t\t\t\t\t<\/div>\n\t\t\t\t<\/div>\n\t\t\t\t\t<\/div>\n\t\t\t\t<\/div>\n\t\t<div class=\"elementor-element elementor-element-40d7b132 e-flex e-con-boxed e-con e-parent\" data-id=\"40d7b132\" data-element_type=\"container\" data-settings=\"{&quot;background_background&quot;:&quot;gradient&quot;}\">\n\t\t\t\t\t<div class=\"e-con-inner\">\n\t\t<div class=\"elementor-element elementor-element-773c6bb5 e-con-full e-flex e-con e-child\" data-id=\"773c6bb5\" data-element_type=\"container\">\n\t\t\t\t<div class=\"elementor-element elementor-element-71545977 elementor-widget elementor-widget-heading\" data-id=\"71545977\" data-element_type=\"widget\" data-widget_type=\"heading.default\">\n\t\t\t\t\t<h2 class=\"elementor-heading-title elementor-size-default\">Ota yhteytt\u00e4<\/h2>\t\t\t\t<\/div>\n\t\t\t\t<\/div>\n\t\t<div class=\"elementor-element elementor-element-666069b9 e-con-full e-flex e-con e-child\" data-id=\"666069b9\" data-element_type=\"container\">\n\t\t\t\t<div class=\"elementor-element elementor-element-63110033 elementor-widget elementor-widget-text-editor\" data-id=\"63110033\" data-element_type=\"widget\" data-widget_type=\"text-editor.default\">\n\t\t\t\t\t\t\t\t\t<div class=\"hfg-slot left\"><div class=\"builder-item desktop-left tablet-left mobile-left\"><div class=\"item--inner builder-item--footer-one-widgets\" data-section=\"neve_sidebar-widgets-footer-one-widgets\" data-item-id=\"footer-one-widgets\"><div class=\"widget-area\"><div id=\"block-20\" class=\"widget widget_block widget_text\"><div class=\"builder-item desktop-left tablet-left mobile-left\"><div class=\"item--inner builder-item--footer-two-widgets\" data-section=\"neve_sidebar-widgets-footer-two-widgets\" data-item-id=\"footer-two-widgets\"><div class=\"widget-area\"><div id=\"block-22\" class=\"widget widget_block widget_text\"><p>S\u00e4hk\u00f6posti: <a href=\"mailto:info@karelnet.fi\">info@karelnet.fi<\/a><\/p><div class=\"hfg-slot c-left\"><div class=\"builder-item desktop-left tablet-left mobile-left\"><div class=\"item--inner builder-item--footer-two-widgets\" data-section=\"neve_sidebar-widgets-footer-two-widgets\" data-item-id=\"footer-two-widgets\"><div class=\"widget-area\"><div id=\"block-22\" class=\"widget widget_block widget_text\"><p>Puhelin: <a>040 508 3959 <\/a><\/p><p>Kummunkatu 13 A, 83500 Outokumpu<\/p><p>Karelnet Oy Y-tunnus: 3249411-3<\/p><\/div><\/div><\/div><\/div><\/div><\/div><\/div><\/div><\/div><\/div><\/div><\/div><\/div><\/div>\t\t\t\t\t\t\t\t<\/div>\n\t\t<div class=\"elementor-element elementor-element-71e744d3 e-con-full e-flex e-con e-child\" data-id=\"71e744d3\" data-element_type=\"container\">\n\t\t\t\t<div class=\"elementor-element elementor-element-3d432a1c elementor-shape-rounded elementor-grid-0 e-grid-align-center elementor-widget elementor-widget-social-icons\" data-id=\"3d432a1c\" data-element_type=\"widget\" data-widget_type=\"social-icons.default\">\n\t\t\t\t\t\t\t<div class=\"elementor-social-icons-wrapper elementor-grid\">\n\t\t\t\t\t\t\t<span class=\"elementor-grid-item\">\n\t\t\t\t\t<a class=\"elementor-icon elementor-social-icon elementor-social-icon-facebook elementor-repeater-item-33d14a8\" href=\"https:\/\/www.facebook.com\/karelnet.fi\/?locale=fi_FI\" target=\"_blank\">\n\t\t\t\t\t\t<span class=\"elementor-screen-only\">Facebook<\/span>\n\t\t\t\t\t\t<svg aria-hidden=\"true\" class=\"e-font-icon-svg e-fab-facebook\" viewBox=\"0 0 512 512\" xmlns=\"http:\/\/www.w3.org\/2000\/svg\"><path d=\"M504 256C504 119 393 8 256 8S8 119 8 256c0 123.78 90.69 226.38 209.25 245V327.69h-63V256h63v-54.64c0-62.15 37-96.48 93.67-96.48 27.14 0 55.52 4.84 55.52 4.84v61h-31.28c-30.8 0-40.41 19.12-40.41 38.73V256h68.78l-11 71.69h-57.78V501C413.31 482.38 504 379.78 504 256z\"><\/path><\/svg>\t\t\t\t\t<\/a>\n\t\t\t\t<\/span>\n\t\t\t\t\t<\/div>\n\t\t\t\t\t\t<\/div>\n\t\t\t\t<\/div>\n\t\t\t\t<\/div>\n\t\t\t\t\t<\/div>\n\t\t\t\t<\/div>\n\t\t\t\t<\/div>\n\t\t","protected":false},"excerpt":{"rendered":"<p>Suunnittelemme valokuitua Viitasaarelle! Varaa valokuitu Hanke etenee ja uusia alueita kartoitetaan! Viitasaaren lounaisten kylien Maaseuturahaston tuki on hyv\u00e4ksytty ja uusi [&hellip;]<\/p>\n","protected":false},"author":2,"featured_media":0,"parent":0,"menu_order":0,"comment_status":"closed","ping_status":"closed","template":"","meta":{"site-sidebar-layout":"no-sidebar","site-content-layout":"","ast-site-content-layout":"full-width-container","site-content-style":"default","site-sidebar-style":"default","ast-global-header-display":"","ast-banner-title-visibility":"","ast-main-header-display":"","ast-hfb-above-header-display":"","ast-hfb-below-header-display":"","ast-hfb-mobile-header-display":"","site-post-title":"disabled","ast-breadcrumbs-content":"","ast-featured-img":"disabled","footer-sml-layout":"","theme-transparent-header-meta":"","adv-header-id-meta":"","stick-header-meta":"","header-above-stick-meta":"","header-main-stick-meta":"","header-below-stick-meta":"","astra-migrate-meta-layouts":"default","ast-page-background-enabled":"default","ast-page-background-meta":{"desktop":{"background-color":"var(--ast-global-color-5)","background-image":"","background-repeat":"repeat","background-position":"center center","background-size":"auto","background-attachment":"scroll","background-type":"","background-media":"","overlay-type":"","overlay-color":"","overlay-opacity":"","overlay-gradient":""},"tablet":{"background-color":"","background-image":"","background-repeat":"repeat","background-position":"center center","background-size":"auto","background-attachment":"scroll","background-type":"","background-media":"","overlay-type":"","overlay-color":"","overlay-opacity":"","overlay-gradient":""},"mobile":{"background-color":"","background-image":"","background-repeat":"repeat","background-position":"center center","background-size":"auto","background-attachment":"scroll","background-type":"","background-media":"","overlay-type":"","overlay-color":"","overlay-opacity":"","overlay-gradient":""}},"ast-content-background-meta":{"desktop":{"background-color":"var(--ast-global-color-4)","background-image":"","background-repeat":"repeat","background-position":"center center","background-size":"auto","background-attachment":"scroll","background-type":"","background-media":"","overlay-type":"","overlay-color":"","overlay-opacity":"","overlay-gradient":""},"tablet":{"background-color":"var(--ast-global-color-4)","background-image":"","background-repeat":"repeat","background-position":"center center","background-size":"auto","background-attachment":"scroll","background-type":"","background-media":"","overlay-type":"","overlay-color":"","overlay-opacity":"","overlay-gradient":""},"mobile":{"background-color":"var(--ast-global-color-4)","background-image":"","background-repeat":"repeat","background-position":"center center","background-size":"auto","background-attachment":"scroll","background-type":"","background-media":"","overlay-type":"","overlay-color":"","overlay-opacity":"","overlay-gradient":""}},"footnotes":""},"class_list":["post-112","page","type-page","status-publish","hentry"],"yoast_head":"<!-- This site is optimized with the Yoast SEO plugin v26.3 - https:\/\/yoast.com\/wordpress\/plugins\/seo\/ -->\n<title>Karelnet valokuituverkko Viitasaarelle - varaa yhteys jo t\u00e4n\u00e4\u00e4n<\/title>\n<meta name=\"description\" content=\"Tilaa Karelnet valokuituverkko Viitasaarelle. Nauti nopeasta ja vakaasta netist\u00e4 edullisesti \u2013 varaa oma yhteytesi jo t\u00e4n\u00e4\u00e4n!\" \/>\n<meta name=\"robots\" content=\"index, follow, max-snippet:-1, max-image-preview:large, max-video-preview:-1\" \/>\n<link rel=\"canonical\" href=\"https:\/\/tophsoe25.okuserveri.com\/?page_id=112\" \/>\n<meta property=\"og:locale\" content=\"fi_FI\" \/>\n<meta property=\"og:type\" content=\"article\" \/>\n<meta property=\"og:title\" content=\"Karelnet valokuituverkko Viitasaarelle - varaa yhteys jo t\u00e4n\u00e4\u00e4n\" \/>\n<meta property=\"og:description\" content=\"Tilaa Karelnet valokuituverkko Viitasaarelle. Nauti nopeasta ja vakaasta netist\u00e4 edullisesti \u2013 varaa oma yhteytesi jo t\u00e4n\u00e4\u00e4n!\" \/>\n<meta property=\"og:url\" content=\"https:\/\/tophsoe25.okuserveri.com\/?page_id=112\" \/>\n<meta property=\"article:modified_time\" content=\"2025-11-06T11:30:52+00:00\" \/>\n<meta property=\"og:image\" content=\"https:\/\/www.karelnet.fi\/wp-content\/uploads\/2024\/09\/polkkypaa-viitasaari-valokuitu-karelnet-270x300.png\" \/>\n<meta name=\"twitter:card\" content=\"summary_large_image\" \/>\n<meta name=\"twitter:label1\" content=\"Arvioitu lukuaika\" \/>\n\t<meta name=\"twitter:data1\" content=\"2 minuuttia\" \/>\n<script type=\"application\/ld+json\" class=\"yoast-schema-graph\">{\"@context\":\"https:\/\/schema.org\",\"@graph\":[{\"@type\":\"WebPage\",\"@id\":\"https:\/\/tophsoe25.okuserveri.com\/?page_id=112\",\"url\":\"https:\/\/tophsoe25.okuserveri.com\/?page_id=112\",\"name\":\"Karelnet valokuituverkko Viitasaarelle - varaa yhteys jo t\u00e4n\u00e4\u00e4n\",\"isPartOf\":{\"@id\":\"https:\/\/tophsoe25.okuserveri.com\/#website\"},\"primaryImageOfPage\":{\"@id\":\"https:\/\/tophsoe25.okuserveri.com\/?page_id=112#primaryimage\"},\"image\":{\"@id\":\"https:\/\/tophsoe25.okuserveri.com\/?page_id=112#primaryimage\"},\"thumbnailUrl\":\"https:\/\/www.karelnet.fi\/wp-content\/uploads\/2024\/09\/polkkypaa-viitasaari-valokuitu-karelnet-270x300.png\",\"datePublished\":\"2025-10-22T07:34:50+00:00\",\"dateModified\":\"2025-11-06T11:30:52+00:00\",\"description\":\"Tilaa Karelnet valokuituverkko Viitasaarelle. Nauti nopeasta ja vakaasta netist\u00e4 edullisesti \u2013 varaa oma yhteytesi jo t\u00e4n\u00e4\u00e4n!\",\"breadcrumb\":{\"@id\":\"https:\/\/tophsoe25.okuserveri.com\/?page_id=112#breadcrumb\"},\"inLanguage\":\"fi\",\"potentialAction\":[{\"@type\":\"ReadAction\",\"target\":[\"https:\/\/tophsoe25.okuserveri.com\/?page_id=112\"]}]},{\"@type\":\"ImageObject\",\"inLanguage\":\"fi\",\"@id\":\"https:\/\/tophsoe25.okuserveri.com\/?page_id=112#primaryimage\",\"url\":\"https:\/\/www.karelnet.fi\/wp-content\/uploads\/2024\/09\/polkkypaa-viitasaari-valokuitu-karelnet-270x300.png\",\"contentUrl\":\"https:\/\/www.karelnet.fi\/wp-content\/uploads\/2024\/09\/polkkypaa-viitasaari-valokuitu-karelnet-270x300.png\"},{\"@type\":\"BreadcrumbList\",\"@id\":\"https:\/\/tophsoe25.okuserveri.com\/?page_id=112#breadcrumb\",\"itemListElement\":[{\"@type\":\"ListItem\",\"position\":1,\"name\":\"Etusivu\",\"item\":\"https:\/\/tophsoe25.okuserveri.com\/\"},{\"@type\":\"ListItem\",\"position\":2,\"name\":\"Viitasaari\"}]},{\"@type\":\"WebSite\",\"@id\":\"https:\/\/tophsoe25.okuserveri.com\/#website\",\"url\":\"https:\/\/tophsoe25.okuserveri.com\/\",\"name\":\"\",\"description\":\"\",\"potentialAction\":[{\"@type\":\"SearchAction\",\"target\":{\"@type\":\"EntryPoint\",\"urlTemplate\":\"https:\/\/tophsoe25.okuserveri.com\/?s={search_term_string}\"},\"query-input\":{\"@type\":\"PropertyValueSpecification\",\"valueRequired\":true,\"valueName\":\"search_term_string\"}}],\"inLanguage\":\"fi\"}]}<\/script>\n<!-- \/ Yoast SEO plugin. -->","yoast_head_json":{"title":"Karelnet valokuituverkko Viitasaarelle - varaa yhteys jo t\u00e4n\u00e4\u00e4n","description":"Tilaa Karelnet valokuituverkko Viitasaarelle. Nauti nopeasta ja vakaasta netist\u00e4 edullisesti \u2013 varaa oma yhteytesi jo t\u00e4n\u00e4\u00e4n!","robots":{"index":"index","follow":"follow","max-snippet":"max-snippet:-1","max-image-preview":"max-image-preview:large","max-video-preview":"max-video-preview:-1"},"canonical":"https:\/\/tophsoe25.okuserveri.com\/?page_id=112","og_locale":"fi_FI","og_type":"article","og_title":"Karelnet valokuituverkko Viitasaarelle - varaa yhteys jo t\u00e4n\u00e4\u00e4n","og_description":"Tilaa Karelnet valokuituverkko Viitasaarelle. Nauti nopeasta ja vakaasta netist\u00e4 edullisesti \u2013 varaa oma yhteytesi jo t\u00e4n\u00e4\u00e4n!","og_url":"https:\/\/tophsoe25.okuserveri.com\/?page_id=112","article_modified_time":"2025-11-06T11:30:52+00:00","og_image":[{"url":"https:\/\/www.karelnet.fi\/wp-content\/uploads\/2024\/09\/polkkypaa-viitasaari-valokuitu-karelnet-270x300.png","type":"","width":"","height":""}],"twitter_card":"summary_large_image","twitter_misc":{"Arvioitu lukuaika":"2 minuuttia"},"schema":{"@context":"https:\/\/schema.org","@graph":[{"@type":"WebPage","@id":"https:\/\/tophsoe25.okuserveri.com\/?page_id=112","url":"https:\/\/tophsoe25.okuserveri.com\/?page_id=112","name":"Karelnet valokuituverkko Viitasaarelle - varaa yhteys jo t\u00e4n\u00e4\u00e4n","isPartOf":{"@id":"https:\/\/tophsoe25.okuserveri.com\/#website"},"primaryImageOfPage":{"@id":"https:\/\/tophsoe25.okuserveri.com\/?page_id=112#primaryimage"},"image":{"@id":"https:\/\/tophsoe25.okuserveri.com\/?page_id=112#primaryimage"},"thumbnailUrl":"https:\/\/www.karelnet.fi\/wp-content\/uploads\/2024\/09\/polkkypaa-viitasaari-valokuitu-karelnet-270x300.png","datePublished":"2025-10-22T07:34:50+00:00","dateModified":"2025-11-06T11:30:52+00:00","description":"Tilaa Karelnet valokuituverkko Viitasaarelle. Nauti nopeasta ja vakaasta netist\u00e4 edullisesti \u2013 varaa oma yhteytesi jo t\u00e4n\u00e4\u00e4n!","breadcrumb":{"@id":"https:\/\/tophsoe25.okuserveri.com\/?page_id=112#breadcrumb"},"inLanguage":"fi","potentialAction":[{"@type":"ReadAction","target":["https:\/\/tophsoe25.okuserveri.com\/?page_id=112"]}]},{"@type":"ImageObject","inLanguage":"fi","@id":"https:\/\/tophsoe25.okuserveri.com\/?page_id=112#primaryimage","url":"https:\/\/www.karelnet.fi\/wp-content\/uploads\/2024\/09\/polkkypaa-viitasaari-valokuitu-karelnet-270x300.png","contentUrl":"https:\/\/www.karelnet.fi\/wp-content\/uploads\/2024\/09\/polkkypaa-viitasaari-valokuitu-karelnet-270x300.png"},{"@type":"BreadcrumbList","@id":"https:\/\/tophsoe25.okuserveri.com\/?page_id=112#breadcrumb","itemListElement":[{"@type":"ListItem","position":1,"name":"Etusivu","item":"https:\/\/tophsoe25.okuserveri.com\/"},{"@type":"ListItem","position":2,"name":"Viitasaari"}]},{"@type":"WebSite","@id":"https:\/\/tophsoe25.okuserveri.com\/#website","url":"https:\/\/tophsoe25.okuserveri.com\/","name":"","description":"","potentialAction":[{"@type":"SearchAction","target":{"@type":"EntryPoint","urlTemplate":"https:\/\/tophsoe25.okuserveri.com\/?s={search_term_string}"},"query-input":{"@type":"PropertyValueSpecification","valueRequired":true,"valueName":"search_term_string"}}],"inLanguage":"fi"}]}},"_links":{"self":[{"href":"https:\/\/tophsoe25.okuserveri.com\/index.php?rest_route=\/wp\/v2\/pages\/112","targetHints":{"allow":["GET"]}}],"collection":[{"href":"https:\/\/tophsoe25.okuserveri.com\/index.php?rest_route=\/wp\/v2\/pages"}],"about":[{"href":"https:\/\/tophsoe25.okuserveri.com\/index.php?rest_route=\/wp\/v2\/types\/page"}],"author":[{"embeddable":true,"href":"https:\/\/tophsoe25.okuserveri.com\/index.php?rest_route=\/wp\/v2\/users\/2"}],"replies":[{"embeddable":true,"href":"https:\/\/tophsoe25.okuserveri.com\/index.php?rest_route=%2Fwp%2Fv2%2Fcomments&post=112"}],"version-history":[{"count":5,"href":"https:\/\/tophsoe25.okuserveri.com\/index.php?rest_route=\/wp\/v2\/pages\/112\/revisions"}],"predecessor-version":[{"id":763,"href":"https:\/\/tophsoe25.okuserveri.com\/index.php?rest_route=\/wp\/v2\/pages\/112\/revisions\/763"}],"wp:attachment":[{"href":"https:\/\/tophsoe25.okuserveri.com\/index.php?rest_route=%2Fwp%2Fv2%2Fmedia&parent=112"}],"curies":[{"name":"wp","href":"https:\/\/api.w.org\/{rel}","templated":true}]}}